{"id":3951,"date":"2021-11-15T08:24:14","date_gmt":"2021-11-15T07:24:14","guid":{"rendered":"https:\/\/wzeurocopert.pl\/rodo\/"},"modified":"2021-11-17T14:35:11","modified_gmt":"2021-11-17T13:35:11","slug":"rodo-gdpr","status":"publish","type":"page","link":"https:\/\/wzeurocopert.pl\/it\/rodo-gdpr\/","title":{"rendered":"RGPD"},"content":{"rendered":"<style>#kt-layout-id_a1412c-25{margin-top:0px;margin-bottom:90px;}#kt-layout-id_a1412c-25 > .kt-row-column-wrap{align-content:start;}:where(#kt-layout-id_a1412c-25 > .kt-row-column-wrap) > .wp-block-kadence-column{justify-content:start;}#kt-layout-id_a1412c-25 > .kt-row-column-wrap{column-gap:var(--global-kb-gap-md, 2rem);row-gap:var(--global-kb-gap-md, 2rem);max-width:1140px;margin-left:auto;margin-right:auto;padding-top:var( --global-kb-row-default-top, 25px );padding-bottom:var( --global-kb-row-default-bottom, 25px );padding-top:0px;padding-bottom:0px;padding-left:0px;padding-right:0px;grid-template-columns:minmax(0, 1fr);}#kt-layout-id_a1412c-25{background-image:url('https:\/\/wzeurocopert.pl\/wp-content\/uploads\/2021\/11\/IMG_3639.jpg');background-size:cover;background-position:51% 0%;background-attachment:fixed;background-repeat:no-repeat;}#kt-layout-id_a1412c-25 > .kt-row-layout-overlay{opacity:0.85;background-color:var(--global-palette3, #1A202C);}#kt-layout-id_a1412c-25 .kt-row-layout-bottom-sep{height:1px;}#kt-layout-id_a1412c-25 .kt-row-layout-bottom-sep svg{width:400%;}#kt-layout-id_a1412c-25 .kt-row-layout-bottom-sep svg{fill:var(--global-palette3, #1A202C)!important;}@media all and (max-width: 1024px), only screen and (min-device-width: 1024px) and (max-device-width: 1366px) and (-webkit-min-device-pixel-ratio: 2) and (hover: none){#kt-layout-id_a1412c-25{background-attachment:scroll;}}@media all and (max-width: 1024px){#kt-layout-id_a1412c-25{margin-bottom:0px;}}@media all and (max-width: 1024px){#kt-layout-id_a1412c-25 > .kt-row-column-wrap{padding-top:0px;padding-right:0px;padding-bottom:0px;padding-left:0px;grid-template-columns:minmax(0, 1fr);}}@media all and (max-width: 1024px){#kt-layout-id_a1412c-25 .kt-row-layout-bottom-sep{height:px;}}@media all and (max-width: 1024px){#kt-layout-id_a1412c-25 .kt-row-layout-bottom-sep svg{width:%;}}@media all and (max-width: 767px){#kt-layout-id_a1412c-25{margin-bottom:0px;}#kt-layout-id_a1412c-25 > .kt-row-column-wrap{padding-top:150px;padding-bottom:0px;padding-left:0px;padding-right:0px;grid-template-columns:minmax(0, 1fr);}#kt-layout-id_a1412c-25 .kt-row-layout-bottom-sep{height:px;}#kt-layout-id_a1412c-25 .kt-row-layout-bottom-sep svg{width:%;}}<\/style>\n<div class=\"wp-block-kadence-rowlayout alignnone\"><div id=\"kt-layout-id_a1412c-25\" class=\"kt-row-layout-inner kt-row-has-bg kt-layout-id_a1412c-25 kt-jarallax\"><div class=\"kt-row-layout-overlay kt-row-overlay-normal\"><\/div><div class=\"kt-row-column-wrap kt-has-1-columns kt-gutter-default kt-v-gutter-default kt-row-valign-top kt-row-layout-equal kt-tab-layout-inherit kt-m-colapse-left-to-right kt-mobile-layout-row\"><style>.kadence-column_6bf5fc-3d > .kt-inside-inner-col{padding-top:300px;padding-bottom:90px;padding-left:10px;padding-right:10px;}.kadence-column_6bf5fc-3d > .kt-inside-inner-col{border-top-width:0px;border-right-width:0px;border-bottom-width:0px;border-left-width:0px;}.kadence-column_6bf5fc-3d > .kt-inside-inner-col,.kadence-column_6bf5fc-3d > .kt-inside-inner-col:before{border-top-left-radius:0px;border-top-right-radius:0px;border-bottom-right-radius:0px;border-bottom-left-radius:0px;}.kadence-column_6bf5fc-3d > .kt-inside-inner-col{column-gap:var(--global-kb-gap-sm, 1rem);}.kadence-column_6bf5fc-3d > .kt-inside-inner-col{flex-direction:column;}.kadence-column_6bf5fc-3d > .kt-inside-inner-col > .aligncenter{width:100%;}.kadence-column_6bf5fc-3d > .kt-inside-inner-col{background-image:url('https:\/\/wzeurocopert.pl\/wp-content\/uploads\/2021\/11\/liscie-png.png');background-size:auto;background-position:100% 0%;background-attachment:scroll;background-repeat:no-repeat;}.kadence-column_6bf5fc-3d > .kt-inside-inner-col:before{opacity:0.3;}.kadence-column_6bf5fc-3d{position:relative;}.wp-block-kadence-column.kadence-column_6bf5fc-3d > .kt-inside-inner-col{margin-top:-30px;margin-bottom:0px;margin-right:0px;margin-left:0px;}@media all and (max-width: 1024px){.kadence-column_6bf5fc-3d > .kt-inside-inner-col{padding-top:90px;padding-bottom:30px;padding-left:30px;padding-right:30px;flex-direction:column;justify-content:center;}}@media all and (max-width: 767px){.kadence-column_6bf5fc-3d > .kt-inside-inner-col{padding-top:60px;padding-bottom:20px;padding-left:30px;padding-right:20px;flex-direction:column;justify-content:center;}.wp-block-kadence-column.kadence-column_6bf5fc-3d > .kt-inside-inner-col{margin-top:0px;margin-bottom:0px;margin-right:0px;margin-left:0px;}}<\/style>\n<div class=\"wp-block-kadence-column inner-column-1 kadence-column_6bf5fc-3d\"><div class=\"kt-inside-inner-col\"><style>.wp-block-kadence-advancedheading.kt-adv-heading_293bd0-78, .wp-block-kadence-advancedheading.kt-adv-heading_293bd0-78[data-kb-block=\"kb-adv-heading_293bd0-78\"]{margin-top:0px;margin-right:0px;margin-bottom:0px;margin-left:0px;padding-top:0px;padding-right:0px;padding-bottom:0px;padding-left:0px;font-size:70px;font-weight:normal;font-style:normal;}.wp-block-kadence-advancedheading.kt-adv-heading_293bd0-78 mark.kt-highlight, .wp-block-kadence-advancedheading.kt-adv-heading_293bd0-78[data-kb-block=\"kb-adv-heading_293bd0-78\"] mark.kt-highlight{font-weight:normal;font-style:normal;color:#f76a0c;-webkit-box-decoration-break:clone;box-decoration-break:clone;padding-top:0px;padding-right:0px;padding-bottom:0px;padding-left:0px;}.wp-block-kadence-advancedheading.kt-adv-heading_293bd0-78 img.kb-inline-image, .wp-block-kadence-advancedheading.kt-adv-heading_293bd0-78[data-kb-block=\"kb-adv-heading_293bd0-78\"] img.kb-inline-image{width:150px;vertical-align:baseline;}@media all and (max-width: 1024px){.wp-block-kadence-advancedheading.kt-adv-heading_293bd0-78, .wp-block-kadence-advancedheading.kt-adv-heading_293bd0-78[data-kb-block=\"kb-adv-heading_293bd0-78\"]{margin-bottom:-5px;font-size:60px;}}@media all and (max-width: 767px){.wp-block-kadence-advancedheading.kt-adv-heading_293bd0-78, .wp-block-kadence-advancedheading.kt-adv-heading_293bd0-78[data-kb-block=\"kb-adv-heading_293bd0-78\"]{padding-top:0px;padding-right:0px;padding-bottom:0px;padding-left:0px;margin-top:0px;margin-right:0px;margin-bottom:20px;margin-left:0px;font-size:40px;}}<\/style>\n<h1 class=\"kt-adv-heading_293bd0-78 wp-block-kadence-advancedheading has-theme-palette-9-color has-text-color\" data-kb-block=\"kb-adv-heading_293bd0-78\">RGPD <\/h1>\n\n\n\n<p><\/p>\n<\/div><\/div>\n<\/div><\/div><\/div>\n\n\n<style>#kt-layout-id_81f090-7c > .kt-row-column-wrap{align-content:start;}:where(#kt-layout-id_81f090-7c > .kt-row-column-wrap) > .wp-block-kadence-column{justify-content:start;}#kt-layout-id_81f090-7c > .kt-row-column-wrap{column-gap:var(--global-kb-gap-md, 2rem);row-gap:var(--global-kb-gap-md, 2rem);max-width:1170px;margin-left:auto;margin-right:auto;padding-top:var( --global-kb-row-default-top, 25px );padding-bottom:var( --global-kb-row-default-bottom, 25px );padding-top:var(--global-kb-spacing-sm, 1.5rem);padding-bottom:var(--global-kb-spacing-sm, 1.5rem);grid-template-columns:minmax(0, 1fr);}#kt-layout-id_81f090-7c > .kt-row-layout-overlay{opacity:0.30;}@media all and (max-width: 1024px){#kt-layout-id_81f090-7c > .kt-row-column-wrap{grid-template-columns:minmax(0, 1fr);}}@media all and (max-width: 767px){#kt-layout-id_81f090-7c > .kt-row-column-wrap{grid-template-columns:minmax(0, 1fr);}}<\/style>\n<div class=\"wp-block-kadence-rowlayout alignnone\"><div id=\"kt-layout-id_81f090-7c\" class=\"kt-row-layout-inner kt-layout-id_81f090-7c\"><div class=\"kt-row-column-wrap kt-has-1-columns kt-gutter-default kt-v-gutter-default kt-row-valign-top kt-row-layout-equal kt-tab-layout-inherit kt-m-colapse-left-to-right kt-mobile-layout-row\"><style>.kadence-column_2f20b5-82 > .kt-inside-inner-col{border-top-width:0px;border-right-width:0px;border-bottom-width:0px;border-left-width:0px;}.kadence-column_2f20b5-82 > .kt-inside-inner-col,.kadence-column_2f20b5-82 > .kt-inside-inner-col:before{border-top-left-radius:0px;border-top-right-radius:0px;border-bottom-right-radius:0px;border-bottom-left-radius:0px;}.kadence-column_2f20b5-82 > .kt-inside-inner-col{column-gap:var(--global-kb-gap-sm, 1rem);}.kadence-column_2f20b5-82 > .kt-inside-inner-col{flex-direction:column;}.kadence-column_2f20b5-82 > .kt-inside-inner-col > .aligncenter{width:100%;}.kadence-column_2f20b5-82 > .kt-inside-inner-col:before{opacity:0.3;}.kadence-column_2f20b5-82{position:relative;}@media all and (max-width: 1024px){.kadence-column_2f20b5-82 > .kt-inside-inner-col{flex-direction:column;justify-content:center;}}@media all and (max-width: 767px){.kadence-column_2f20b5-82 > .kt-inside-inner-col{flex-direction:column;justify-content:center;}}<\/style>\n<div class=\"wp-block-kadence-column inner-column-1 kadence-column_2f20b5-82\"><div class=\"kt-inside-inner-col\">\n<p>Ai sensi dell\u2019art. 13 comma 1 e comma 2 e l\u2019art. 14 comma 1 e comma 2 del Regolamento (UE) 2016\/679 del Parlamento Europeo e del Consiglio del 27 aprile 2016 relativo alla protezione&nbsp;delle persone fisiche con riguardo al trattamento dei dati personali, nonch\u00e9 alla libera circolazione&nbsp;di tali dati e che abroga la direttiva 95\/46\/CE (di seguito: RGPD) applicabile dal 25 maggio 2018&nbsp;La informiamo del modo e dell\u2019obiettivo per cui trattiamo i Suoi dati personali (di seguito: &#8220;dati&#8221;),&nbsp;e di Suoi diritti relativi alla protezione dei dati.<\/p>\n\n\n\n<p>Alla luce di quanto precede annunciamo che:<\/p>\n\n\n\n<p>1. Il titolare del trattamento dei Suoi dati personali \u00e8 WZ EUROCOPERT Sp\u00f3\u0142ka z o.o. [Srl]&nbsp;con la sede a Szczecinek ul. Koszali\u0144ska 93, 78-400 Szczecinek, indirizzo e-mail: sekretariat@wzeurocopert.com.pl, tel. +48 94 372 48 11.&nbsp;<\/p>\n\n\n\n<p>2. Il trattamento dei Suoi dati personali avverr\u00e0 ai sensi dell&#8217;art. 6 del RGPD&nbsp;e per l&#8217;implementazione della richiesta, il Titolare del trattamento invoca un interesse legittimo,&nbsp;che \u00e8 quello di condurre l&#8217;attivit\u00e0 economica da parte della societ\u00e0 WZ EUROCOPERT Sp\u00f3\u0142ka z o.o. [Srl] e di monitorare il traffico sul sito web.<\/p>\n\n\n\n<p>3. La comunicazione dei dati nel modulo di contatto sul sito web www.wzeurocopert.pl&nbsp;\u00e8 volontaria.&nbsp;<\/p>\n\n\n\n<p>4. La base per il trattamento dei dati \u00e8 il suo consenso.&nbsp;<\/p>\n\n\n\n<p>5. I dati personali saranno trattati e conservati a seconda della durata del l&#8217;uso della tecnologia.&nbsp;<\/p>\n\n\n\n<p>6. Lei ha il diritto di richiedere al titolare l&#8217;accesso ai dati forniti, la loro rettifica, la loro cancellazione o limitazione del trattamento di tali dati ed il diritto di proporre reclamo a un&#8217;autorit\u00e0 di controllo.&nbsp;<\/p>\n\n\n\n<p>7. Per le domande relative al trattamento dei dati personali, si prega di contattare il Titolare&nbsp;dei dati &#8211; la societ\u00e0 WZ EUROCOPERT Sp. z o.o. [Srl]. I modi per contattare la nostra azienda sono: indirizzo postale, e-mail, telefono o il modulo di contatto disponibile sul nostro sito.<\/p>\n\n\n\n<p>8. I dati personali saranno conservati per un periodo da 30 giorni a 5 anni fino al termine dell&#8217;uso dei dati necessari per condurre l&#8217;attivit\u00e0 economica.<\/p>\n\n\n\n<p>9. Lei ha il diritto di accedere ai Suoi dati personali, il diritto di ottenere la rettifica dei dati personali che La riguardano, la loro cancellazione o limitazione del trattamento di tali dati\/il diritto&nbsp;di revocare il consenso, il diritto alla portabilit\u00e0 dei dati ed il diritto di opporsi al loro trattamento.&nbsp;<\/p>\n\n\n\n<p>10. Lei ha il diritto di proporre reclamo a un&#8217;autorit\u00e0 di controllo se al suo parere il trattamento dei Suoi dati personali viola le disposizioni del regolamento RGPD.&nbsp;<\/p>\n\n\n\n<p>11. I dati possono essere resi accessibili agli altri destinatari al fine di eseguire un contratto&nbsp;con Lei, al fine dell&#8217;adempimento dell\u2019obbligo giuridico della societ\u00e0 WZ EUROCOPERT Sp. z o.o. [Srl],&nbsp;in base al Suo consenso o per il perseguimento del legittimo interesse del responsabile&nbsp;del trattamento o di terzi.<\/p>\n\n\n\n<p>12. In particolare i destinatari possono essere : il personale autorizzato della societ\u00e0&nbsp;WZ EUROCOPERT Sp. z o.o. [Srl], ed anche le altre istituzioni legalmente autorizzati a ricevere i dati sulla base delle pertinenti disposizioni del diritto.<\/p>\n\n\n\n<p>13. I dati vengono trasmessi ai responsabili del trattamento per conto della societ\u00e0&nbsp;WZ EUROCOPERT Sp. z o.o. [Srl] e al loro personale autorizzato, l\u00e0 dove le tali entit\u00e0 trattano i dati&nbsp;in virt\u00f9 di un contratto con la societ\u00e0 WZ EUROCOPERT Sp. z o.o. [Srl] e soltanto su istruzione della societ\u00e0 WZ EUROCOPERT Sp. z o.o. [Srl] e a condizione di rispettare il segreto professionale. Il gruppo di entit\u00e0 che svolgono attivit\u00e0 per conto della societ\u00e0 WZ EUROCOPERT Sp. z o.o. [Srl] comprende&nbsp;i fornitori di servizi, in particolare nel campo dei servizi informatici, il servizio giuridico.<\/p>\n\n\n\n<p>14. I dati sono trasmessi ai destinatari dei paesi al di fuori dell&#8217;Unione (di seguito: \u201cpaesi terzi\u201d) se questo \u00e8 necessario ai fini dell&#8217;attuazione del contratto stipulato fra Lei e la societ\u00e0&nbsp;WZ EUROCOPERT Sp. z o.o. [Srl]. Altri casi di trasferimento dei dati verso i paesi terzi saranno regolati in documenti separati. Lei pu\u00f2 ottenere una copia dei dati trasmessi ad un paese terzo presentando la richiesta al Titolare del trattamento. Il trasferimento dei dati verso un paese terzo pu\u00f2 avvenire anche dopo aver ottenuto il Suo consenso. Di conseguenza, i Suoi dati saranno trasferiti verso&nbsp;un paese terzo sulla base dell\u2019art. 49 comma 1 lett. a e l\u2019art. 49 comma 1 lett. b del RGPD.<\/p>\n\n\n\n<p>15. Lei ha il diritto di:<\/p>\n\n\n\n<p>a. richiedere l&#8217;accesso ai suoi dati, la loro rettifica, la limitazione del loro trattamento o la loro cancellazione;<\/p>\n\n\n\n<p>b. revocare il proprio consenso al trattamento dei dati in qualsiasi momento per la parte relativa a questo consenso, ma la revoca del consenso non pregiudica la liceit\u00e0 del trattamento basata sul consenso prima della revoca;<\/p>\n\n\n\n<p>c. trasferire i dati forniti da Lei alla societ\u00e0 WZ EUROCOPERT Sp. z o.o. [Srl] trattati&nbsp;per concludere ed realizzare il contratto o trattate sulla base del consenso. Il trasferimento consiste a ricevere da parte della societ\u00e0 WZ EUROCOPERT Sp. z o.o. [Srl] i dati personali che la riguardano&nbsp;in un formato strutturato, di uso comune, leggibile da dispositivo automatico ed a trasmetterli&nbsp;a un altro titolare del trattamento, se tecnicamente fattibile. Il diritto non si applica ai dati&nbsp;che costituiscono un segreto aziendale della societ\u00e0 WZ EUROCOPERT Sp. z o.o. [Srl];<\/p>\n\n\n\n<p>d. proporre un reclamo all\u2019autorit\u00e0 di controllo, il quale in Polonia \u00e8 il Presidente dell&#8217;Ufficio&nbsp;per la protezione dei dati personali, se si considera che il trattamento dei suoi dati viola&nbsp;le disposizioni del RGPD.<\/p>\n\n\n\n<p>e. Inoltre Lei ha il diritto, in qualsiasi momento, di opporsi al trattamento dei dati:&nbsp;<\/p>\n\n\n\n<p>i. per motivi legati alla Sua situazione particolare, quando la societ\u00e0 WZ EUROCOPERT Sp. z o.o. [Srl] tratta i dati per il perseguimento degli interessi legittimi (l\u2019art. 21 comma 1 del RGPD),<\/p>\n\n\n\n<p>ii. per finalit\u00e0 di marketing diretto, compresa la profilazione ai fini del marketing nella misura in cui il trattamento dei dati sia connesso a tale marketing diretto (art. 21 ust. 2 RODO).<\/p>\n\n\n\n<p>16. La societ\u00e0 WZ EUROCOPERT Sp. z o.o. [Srl] per realizzare i Suoi diritti pu\u00f2 richiedere&nbsp;le ulteriori informazioni necessarie per confermare l&#8217;identit\u00e0.<\/p>\n\n\n\n<p><\/p>\n<\/div><\/div>\n<\/div><\/div><\/div>\n","protected":false},"excerpt":{"rendered":"<p>RGPD Ai sensi dell\u2019art. 13 comma 1 e comma 2 e l\u2019art. 14 comma 1 e comma 2 del Regolamento (UE) 2016\/679 del Parlamento Europeo e del Consiglio del 27 aprile 2016 relativo alla protezione&nbsp;delle persone fisiche con riguardo al trattamento dei dati personali, nonch\u00e9 alla libera circolazione&nbsp;di tali dati e che abroga la direttiva&#8230;<\/p>\n","protected":false},"author":1,"featured_media":0,"parent":0,"menu_order":0,"comment_status":"closed","ping_status":"closed","template":"","meta":{"_kad_blocks_custom_css":"","_kad_blocks_head_custom_js":"","_kad_blocks_body_custom_js":"","_kad_blocks_footer_custom_js":"","_kadence_starter_templates_imported_post":false,"_kad_post_transparent":"","_kad_post_title":"","_kad_post_layout":"","_kad_post_sidebar_id":"","_kad_post_content_style":"","_kad_post_vertical_padding":"","_kad_post_feature":"","_kad_post_feature_position":"","_kad_post_header":false,"_kad_post_footer":false,"footnotes":""},"class_list":["post-3951","page","type-page","status-publish","hentry"],"taxonomy_info":[],"featured_image_src_large":false,"author_info":{"display_name":"wzrootwzeurocopertpl","author_link":"https:\/\/wzeurocopert.pl\/it\/author\/wzrootwzeurocopertpl\/"},"comment_info":0,"_links":{"self":[{"href":"https:\/\/wzeurocopert.pl\/it\/wp-json\/wp\/v2\/pages\/3951","targetHints":{"allow":["GET"]}}],"collection":[{"href":"https:\/\/wzeurocopert.pl\/it\/wp-json\/wp\/v2\/pages"}],"about":[{"href":"https:\/\/wzeurocopert.pl\/it\/wp-json\/wp\/v2\/types\/page"}],"author":[{"embeddable":true,"href":"https:\/\/wzeurocopert.pl\/it\/wp-json\/wp\/v2\/users\/1"}],"replies":[{"embeddable":true,"href":"https:\/\/wzeurocopert.pl\/it\/wp-json\/wp\/v2\/comments?post=3951"}],"version-history":[{"count":0,"href":"https:\/\/wzeurocopert.pl\/it\/wp-json\/wp\/v2\/pages\/3951\/revisions"}],"wp:attachment":[{"href":"https:\/\/wzeurocopert.pl\/it\/wp-json\/wp\/v2\/media?parent=3951"}],"curies":[{"name":"wp","href":"https:\/\/api.w.org\/{rel}","templated":true}]}}