{"id":3409,"date":"2021-11-04T16:24:48","date_gmt":"2021-11-04T15:24:48","guid":{"rendered":"https:\/\/wzeurocopert.pl\/oferta\/koperty-do-automatycznego-pakowania\/"},"modified":"2021-11-17T20:41:48","modified_gmt":"2021-11-17T19:41:48","slug":"buste-per-imballaggio-automatico","status":"publish","type":"page","link":"https:\/\/wzeurocopert.pl\/it\/offerta\/buste-per-imballaggio-automatico\/","title":{"rendered":"Buste per imballaggio automatico"},"content":{"rendered":"<style>#kt-layout-id_a2b985-6d{margin-top:0px;margin-bottom:90px;}#kt-layout-id_a2b985-6d > .kt-row-column-wrap{align-content:start;}:where(#kt-layout-id_a2b985-6d > .kt-row-column-wrap) > .wp-block-kadence-column{justify-content:start;}#kt-layout-id_a2b985-6d > .kt-row-column-wrap{column-gap:var(--global-kb-gap-md, 2rem);row-gap:var(--global-kb-gap-md, 2rem);max-width:1140px;margin-left:auto;margin-right:auto;padding-top:var( --global-kb-row-default-top, 25px );padding-bottom:var( --global-kb-row-default-bottom, 25px );padding-top:0px;padding-bottom:0px;padding-left:0px;padding-right:0px;grid-template-columns:minmax(0, 1fr);}#kt-layout-id_a2b985-6d{background-image:url('https:\/\/wzeurocopert.pl\/wp-content\/uploads\/2021\/11\/IMG_3639.jpg');background-size:cover;background-position:51% 0%;background-attachment:fixed;background-repeat:no-repeat;}#kt-layout-id_a2b985-6d > .kt-row-layout-overlay{opacity:0.85;background-color:var(--global-palette3, #1A202C);}#kt-layout-id_a2b985-6d .kt-row-layout-bottom-sep{height:1px;}#kt-layout-id_a2b985-6d .kt-row-layout-bottom-sep svg{width:400%;}#kt-layout-id_a2b985-6d .kt-row-layout-bottom-sep svg{fill:var(--global-palette3, #1A202C)!important;}@media all and (max-width: 1024px), only screen and (min-device-width: 1024px) and (max-device-width: 1366px) and (-webkit-min-device-pixel-ratio: 2) and (hover: none){#kt-layout-id_a2b985-6d{background-attachment:scroll;}}@media all and (max-width: 1024px){#kt-layout-id_a2b985-6d{margin-bottom:0px;}}@media all and (max-width: 1024px){#kt-layout-id_a2b985-6d > .kt-row-column-wrap{padding-top:0px;padding-right:0px;padding-bottom:0px;padding-left:0px;grid-template-columns:minmax(0, 1fr);}}@media all and (max-width: 1024px){#kt-layout-id_a2b985-6d .kt-row-layout-bottom-sep{height:px;}}@media all and (max-width: 1024px){#kt-layout-id_a2b985-6d .kt-row-layout-bottom-sep svg{width:%;}}@media all and (max-width: 767px){#kt-layout-id_a2b985-6d{margin-bottom:0px;}#kt-layout-id_a2b985-6d > .kt-row-column-wrap{padding-top:150px;padding-bottom:0px;padding-left:0px;padding-right:0px;grid-template-columns:minmax(0, 1fr);}#kt-layout-id_a2b985-6d .kt-row-layout-bottom-sep{height:px;}#kt-layout-id_a2b985-6d .kt-row-layout-bottom-sep svg{width:%;}}<\/style>\n<div class=\"wp-block-kadence-rowlayout alignnone\"><div id=\"kt-layout-id_a2b985-6d\" class=\"kt-row-layout-inner kt-row-has-bg kt-layout-id_a2b985-6d kt-jarallax\"><div class=\"kt-row-layout-overlay kt-row-overlay-normal\"><\/div><div class=\"kt-row-column-wrap kt-has-1-columns kt-gutter-default kt-v-gutter-default kt-row-valign-top kt-row-layout-equal kt-tab-layout-inherit kt-m-colapse-left-to-right kt-mobile-layout-row\"><style>.kadence-column_de8ff0-68 > .kt-inside-inner-col{padding-top:300px;padding-bottom:90px;padding-left:10px;padding-right:10px;}.kadence-column_de8ff0-68 > .kt-inside-inner-col{border-top-width:0px;border-right-width:0px;border-bottom-width:0px;border-left-width:0px;}.kadence-column_de8ff0-68 > .kt-inside-inner-col,.kadence-column_de8ff0-68 > .kt-inside-inner-col:before{border-top-left-radius:0px;border-top-right-radius:0px;border-bottom-right-radius:0px;border-bottom-left-radius:0px;}.kadence-column_de8ff0-68 > .kt-inside-inner-col{column-gap:var(--global-kb-gap-sm, 1rem);}.kadence-column_de8ff0-68 > .kt-inside-inner-col{flex-direction:column;}.kadence-column_de8ff0-68 > .kt-inside-inner-col > .aligncenter{width:100%;}.kadence-column_de8ff0-68 > .kt-inside-inner-col{background-image:url('https:\/\/wzeurocopert.pl\/wp-content\/uploads\/2021\/11\/liscie-png.png');background-size:auto;background-position:100% 0%;background-attachment:scroll;background-repeat:no-repeat;}.kadence-column_de8ff0-68 > .kt-inside-inner-col:before{opacity:0.3;}.kadence-column_de8ff0-68{position:relative;}.wp-block-kadence-column.kadence-column_de8ff0-68 > .kt-inside-inner-col{margin-top:-30px;margin-bottom:0px;margin-right:0px;margin-left:0px;}@media all and (max-width: 1024px){.kadence-column_de8ff0-68 > .kt-inside-inner-col{padding-top:90px;padding-bottom:30px;padding-left:30px;padding-right:30px;flex-direction:column;justify-content:center;}}@media all and (max-width: 767px){.kadence-column_de8ff0-68 > .kt-inside-inner-col{padding-top:60px;padding-bottom:20px;padding-left:30px;padding-right:20px;flex-direction:column;justify-content:center;}.wp-block-kadence-column.kadence-column_de8ff0-68 > .kt-inside-inner-col{margin-top:0px;margin-bottom:0px;margin-right:0px;margin-left:0px;}}<\/style>\n<div class=\"wp-block-kadence-column inner-column-1 kadence-column_de8ff0-68\"><div class=\"kt-inside-inner-col\"><style>.wp-block-kadence-advancedheading.kt-adv-heading_b1590e-cd, .wp-block-kadence-advancedheading.kt-adv-heading_b1590e-cd[data-kb-block=\"kb-adv-heading_b1590e-cd\"]{margin-top:0px;margin-right:0px;margin-bottom:0px;margin-left:0px;padding-top:0px;padding-right:0px;padding-bottom:0px;padding-left:0px;font-size:70px;font-weight:normal;font-style:normal;}.wp-block-kadence-advancedheading.kt-adv-heading_b1590e-cd mark.kt-highlight, .wp-block-kadence-advancedheading.kt-adv-heading_b1590e-cd[data-kb-block=\"kb-adv-heading_b1590e-cd\"] mark.kt-highlight{font-weight:normal;font-style:normal;color:#f76a0c;-webkit-box-decoration-break:clone;box-decoration-break:clone;padding-top:0px;padding-right:0px;padding-bottom:0px;padding-left:0px;}.wp-block-kadence-advancedheading.kt-adv-heading_b1590e-cd img.kb-inline-image, .wp-block-kadence-advancedheading.kt-adv-heading_b1590e-cd[data-kb-block=\"kb-adv-heading_b1590e-cd\"] img.kb-inline-image{width:150px;vertical-align:baseline;}@media all and (max-width: 1024px){.wp-block-kadence-advancedheading.kt-adv-heading_b1590e-cd, .wp-block-kadence-advancedheading.kt-adv-heading_b1590e-cd[data-kb-block=\"kb-adv-heading_b1590e-cd\"]{margin-bottom:-5px;font-size:60px;}}@media all and (max-width: 767px){.wp-block-kadence-advancedheading.kt-adv-heading_b1590e-cd, .wp-block-kadence-advancedheading.kt-adv-heading_b1590e-cd[data-kb-block=\"kb-adv-heading_b1590e-cd\"]{padding-top:0px;padding-right:0px;padding-bottom:0px;padding-left:0px;margin-top:0px;margin-right:0px;margin-bottom:20px;margin-left:0px;font-size:40px;}}<\/style>\n<h1 class=\"kt-adv-heading_b1590e-cd wp-block-kadence-advancedheading has-theme-palette-9-color has-text-color\" data-kb-block=\"kb-adv-heading_b1590e-cd\">Buste per imballaggio automatico<\/h1>\n\n\n\n<p><\/p>\n<\/div><\/div>\n<\/div><\/div><\/div>\n\n\n<style>#kt-layout-id_b9a9d5-05 > .kt-row-column-wrap{align-content:start;}:where(#kt-layout-id_b9a9d5-05 > .kt-row-column-wrap) > .wp-block-kadence-column{justify-content:start;}#kt-layout-id_b9a9d5-05 > .kt-row-column-wrap{column-gap:var(--global-kb-gap-md, 2rem);row-gap:var(--global-kb-gap-md, 2rem);max-width:1174px;margin-left:auto;margin-right:auto;padding-top:var( --global-kb-row-default-top, 25px );padding-bottom:var( --global-kb-row-default-bottom, 25px );padding-top:26px;grid-template-columns:minmax(0, 2fr) minmax(0, 1fr) minmax(0, 1fr);}#kt-layout-id_b9a9d5-05 > .kt-row-layout-overlay{opacity:0.30;}@media all and (max-width: 1024px){#kt-layout-id_b9a9d5-05 > .kt-row-column-wrap > div:not(.added-for-specificity){grid-column:initial;}}@media all and (max-width: 1024px){#kt-layout-id_b9a9d5-05 > .kt-row-column-wrap{grid-template-columns:repeat(3, minmax(0, 1fr));}}@media all and (max-width: 767px){#kt-layout-id_b9a9d5-05 > .kt-row-column-wrap > div:not(.added-for-specificity){grid-column:initial;}#kt-layout-id_b9a9d5-05 > .kt-row-column-wrap{grid-template-columns:minmax(0, 1fr);}}<\/style>\n<div class=\"wp-block-kadence-rowlayout alignnone\"><div id=\"kt-layout-id_b9a9d5-05\" class=\"kt-row-layout-inner kt-layout-id_b9a9d5-05\"><div class=\"kt-row-column-wrap kt-has-3-columns kt-gutter-default kt-v-gutter-default kt-row-valign-top kt-row-layout-equal kt-tab-layout-inherit kt-m-colapse-left-to-right kt-mobile-layout-row  kt-custom-first-width-50  kt-custom-second-width-25  kt-custom-third-width-25\"><style>.kadence-column_4d3463-72 > .kt-inside-inner-col{border-top-width:0px;border-right-width:0px;border-bottom-width:0px;border-left-width:0px;}.kadence-column_4d3463-72 > .kt-inside-inner-col,.kadence-column_4d3463-72 > .kt-inside-inner-col:before{border-top-left-radius:0px;border-top-right-radius:0px;border-bottom-right-radius:0px;border-bottom-left-radius:0px;}.kadence-column_4d3463-72 > .kt-inside-inner-col{column-gap:var(--global-kb-gap-sm, 1rem);}.kadence-column_4d3463-72 > .kt-inside-inner-col{flex-direction:column;}.kadence-column_4d3463-72 > .kt-inside-inner-col > .aligncenter{width:100%;}.kadence-column_4d3463-72 > .kt-inside-inner-col:before{opacity:0.3;}.kadence-column_4d3463-72{position:relative;}@media all and (max-width: 1024px){.kadence-column_4d3463-72 > .kt-inside-inner-col{flex-direction:column;justify-content:center;}}@media all and (max-width: 767px){.kadence-column_4d3463-72 > .kt-inside-inner-col{flex-direction:column;justify-content:center;}}<\/style>\n<div class=\"wp-block-kadence-column inner-column-1 kadence-column_4d3463-72\"><div class=\"kt-inside-inner-col\">\n<p><strong><strong><strong>WZ Eurocopert \u00e8 il primo produttore in Polonia di buste di corrispondenza per imballaggio automatico, ed \u00e8 specializzata in questa produzione da pi\u00f9 di 20 anni.<\/strong><\/strong><\/strong><\/p>\n\n\n\n<p>Le buste da noi prodotte per il confezionamento automatico hanno il disegno e il nome riservato &#8211; COUVERTIC\u00ae. Le loro particolari caratteristiche forniscono un imballaggio automatico efficiente anche nelle macchine pi\u00f9 veloci, e la nostra azienda \u00e8 un produttore rispettato di queste, non solo sui mercati europei. Le nostre buste, prima che raggiungano il Cliente, subiscono un controllo accurato multilivello durante la produzione, cos\u00ec come nella sezione di Controllo Qualit\u00e0. In tale modo, siamo sicuri che sono in grado di soddisfare i rigorosi requisiti qualitativi delle macchine pi\u00f9 avanzate per il confezionamento automatico della corrispondenza.<\/p>\n\n\n\n<p>Eurocopert \u00e8 una garanzia di alta qualit\u00e0 nella realizzazione e del funzionamento regolare su tutti i tipi di macchine e dispositivi per l&#8217;imballaggio, di aziende ben note come:&nbsp;<a rel=\"noreferrer noopener\" href=\"http:\/\/www.kerncan.com\/\" target=\"_blank\">Kern<\/a>,&nbsp;<a rel=\"noreferrer noopener\" href=\"http:\/\/www.pitneybowes.com\/us\" target=\"_blank\">Pitney Bowes<\/a>,&nbsp;<a rel=\"noreferrer noopener\" href=\"http:\/\/bellhowell.net\/en-US\/Products-Solutions\/By-Category\/Mail-Inserting-Finishing\" target=\"_blank\">Bell &amp; Howell<\/a>,&nbsp;<a rel=\"noreferrer noopener\" href=\"http:\/\/www.cmcmachinery.com\/\" target=\"_blank\">CMC<\/a>&nbsp;and&nbsp;<a rel=\"noreferrer noopener\" href=\"http:\/\/www.neopost.com\/en\" target=\"_blank\">Neopost<\/a>.<\/p>\n<\/div><\/div>\n\n\n<style>.kadence-column_9095e2-3a > .kt-inside-inner-col{border-top-width:0px;border-right-width:0px;border-bottom-width:0px;border-left-width:0px;}.kadence-column_9095e2-3a > .kt-inside-inner-col,.kadence-column_9095e2-3a > .kt-inside-inner-col:before{border-top-left-radius:0px;border-top-right-radius:0px;border-bottom-right-radius:0px;border-bottom-left-radius:0px;}.kadence-column_9095e2-3a > .kt-inside-inner-col{column-gap:var(--global-kb-gap-sm, 1rem);}.kadence-column_9095e2-3a > .kt-inside-inner-col{flex-direction:column;}.kadence-column_9095e2-3a > .kt-inside-inner-col > .aligncenter{width:100%;}.kadence-column_9095e2-3a > .kt-inside-inner-col:before{opacity:0.3;}.kadence-column_9095e2-3a{position:relative;}@media all and (max-width: 1024px){.kadence-column_9095e2-3a > .kt-inside-inner-col{flex-direction:column;justify-content:center;}}@media all and (max-width: 767px){.kadence-column_9095e2-3a > .kt-inside-inner-col{flex-direction:column;justify-content:center;}}<\/style>\n<div class=\"wp-block-kadence-column inner-column-2 kadence-column_9095e2-3a\"><div class=\"kt-inside-inner-col\">\n<h3 class=\"wp-block-heading\">Buste con il lembo Couvertic\u00ae<\/h3>\n\n\n\n<figure class=\"wp-block-video\"><video height=\"216\" style=\"aspect-ratio: 490 \/ 216;\" width=\"490\" controls poster=\"https:\/\/wzeurocopert.pl\/wp-content\/uploads\/2021\/11\/couvertic.jpg\" preload=\"none\" src=\"https:\/\/wzeurocopert.pl\/wp-content\/uploads\/2021\/11\/couvertic2.mp4\"><\/video><\/figure>\n<\/div><\/div>\n\n\n<style>.kadence-column_288d06-62 > .kt-inside-inner-col{border-top-width:0px;border-right-width:0px;border-bottom-width:0px;border-left-width:0px;}.kadence-column_288d06-62 > .kt-inside-inner-col,.kadence-column_288d06-62 > .kt-inside-inner-col:before{border-top-left-radius:0px;border-top-right-radius:0px;border-bottom-right-radius:0px;border-bottom-left-radius:0px;}.kadence-column_288d06-62 > .kt-inside-inner-col{column-gap:var(--global-kb-gap-sm, 1rem);}.kadence-column_288d06-62 > .kt-inside-inner-col{flex-direction:column;}.kadence-column_288d06-62 > .kt-inside-inner-col > .aligncenter{width:100%;}.kadence-column_288d06-62 > .kt-inside-inner-col:before{opacity:0.3;}.kadence-column_288d06-62{position:relative;}@media all and (max-width: 1024px){.kadence-column_288d06-62 > .kt-inside-inner-col{flex-direction:column;justify-content:center;}}@media all and (max-width: 767px){.kadence-column_288d06-62 > .kt-inside-inner-col{flex-direction:column;justify-content:center;}}<\/style>\n<div class=\"wp-block-kadence-column inner-column-3 kadence-column_288d06-62\"><div class=\"kt-inside-inner-col\">\n<h3 class=\"wp-block-heading\">Buste con il lembo trapezoidale<\/h3>\n\n\n\n<figure class=\"wp-block-image size-full\"><img loading=\"lazy\" decoding=\"async\" width=\"400\" height=\"300\" src=\"https:\/\/wzeurocopert.pl\/wp-content\/uploads\/2021\/11\/trapez.jpg\" alt=\"\" class=\"wp-image-2800\" srcset=\"https:\/\/wzeurocopert.pl\/wp-content\/uploads\/2021\/11\/trapez.jpg 400w, https:\/\/wzeurocopert.pl\/wp-content\/uploads\/2021\/11\/trapez-300x225.jpg 300w\" sizes=\"auto, (max-width: 400px) 100vw, 400px\" \/><\/figure>\n<\/div><\/div>\n<\/div><\/div><\/div>\n\n\n<style>.wp-block-kadence-spacer.kt-block-spacer-_e9e1cc-4a .kt-block-spacer{height:60px;}.wp-block-kadence-spacer.kt-block-spacer-_e9e1cc-4a .kt-divider{border-top-width:1px;height:1px;border-top-color:#eee;width:80%;border-top-style:solid;}<\/style>\n<div class=\"wp-block-kadence-spacer aligncenter kt-block-spacer-_e9e1cc-4a\"><div class=\"kt-block-spacer kt-block-spacer-halign-center\" style=\"height:60px\"><hr class=\"kt-divider\" style=\"border-top-color:#eee;border-top-width:1px;width:80%;border-top-style:solid\"\/><\/div><\/div>\n","protected":false},"excerpt":{"rendered":"<p>Buste per imballaggio automatico WZ Eurocopert \u00e8 il primo produttore in Polonia di buste di corrispondenza per imballaggio automatico, ed \u00e8 specializzata in questa produzione da pi\u00f9 di 20 anni. Le buste da noi prodotte per il confezionamento automatico hanno il disegno e il nome riservato &#8211; COUVERTIC\u00ae. Le loro particolari caratteristiche forniscono un imballaggio&#8230;<\/p>\n","protected":false},"author":1,"featured_media":0,"parent":3398,"menu_order":0,"comment_status":"closed","ping_status":"closed","template":"","meta":{"_kad_blocks_custom_css":"","_kad_blocks_head_custom_js":"","_kad_blocks_body_custom_js":"","_kad_blocks_footer_custom_js":"","_kadence_starter_templates_imported_post":false,"_kad_post_transparent":"","_kad_post_title":"","_kad_post_layout":"","_kad_post_sidebar_id":"","_kad_post_content_style":"","_kad_post_vertical_padding":"","_kad_post_feature":"","_kad_post_feature_position":"","_kad_post_header":false,"_kad_post_footer":false,"footnotes":""},"class_list":["post-3409","page","type-page","status-publish","hentry"],"taxonomy_info":[],"featured_image_src_large":false,"author_info":{"display_name":"wzrootwzeurocopertpl","author_link":"https:\/\/wzeurocopert.pl\/it\/author\/wzrootwzeurocopertpl\/"},"comment_info":0,"_links":{"self":[{"href":"https:\/\/wzeurocopert.pl\/it\/wp-json\/wp\/v2\/pages\/3409","targetHints":{"allow":["GET"]}}],"collection":[{"href":"https:\/\/wzeurocopert.pl\/it\/wp-json\/wp\/v2\/pages"}],"about":[{"href":"https:\/\/wzeurocopert.pl\/it\/wp-json\/wp\/v2\/types\/page"}],"author":[{"embeddable":true,"href":"https:\/\/wzeurocopert.pl\/it\/wp-json\/wp\/v2\/users\/1"}],"replies":[{"embeddable":true,"href":"https:\/\/wzeurocopert.pl\/it\/wp-json\/wp\/v2\/comments?post=3409"}],"version-history":[{"count":0,"href":"https:\/\/wzeurocopert.pl\/it\/wp-json\/wp\/v2\/pages\/3409\/revisions"}],"up":[{"embeddable":true,"href":"https:\/\/wzeurocopert.pl\/it\/wp-json\/wp\/v2\/pages\/3398"}],"wp:attachment":[{"href":"https:\/\/wzeurocopert.pl\/it\/wp-json\/wp\/v2\/media?parent=3409"}],"curies":[{"name":"wp","href":"https:\/\/api.w.org\/{rel}","templated":true}]}}