{"id":3949,"date":"2021-11-15T08:24:14","date_gmt":"2021-11-15T07:24:14","guid":{"rendered":"https:\/\/wzeurocopert.pl\/rodo\/"},"modified":"2021-11-17T14:16:53","modified_gmt":"2021-11-17T13:16:53","slug":"rodo","status":"publish","type":"page","link":"https:\/\/wzeurocopert.pl\/fr\/rodo\/","title":{"rendered":"RODO"},"content":{"rendered":"<style>#kt-layout-id_a1412c-25{margin-top:0px;margin-bottom:90px;}#kt-layout-id_a1412c-25 > .kt-row-column-wrap{align-content:start;}:where(#kt-layout-id_a1412c-25 > .kt-row-column-wrap) > .wp-block-kadence-column{justify-content:start;}#kt-layout-id_a1412c-25 > .kt-row-column-wrap{column-gap:var(--global-kb-gap-md, 2rem);row-gap:var(--global-kb-gap-md, 2rem);max-width:1140px;margin-left:auto;margin-right:auto;padding-top:var( --global-kb-row-default-top, 25px );padding-bottom:var( --global-kb-row-default-bottom, 25px );padding-top:0px;padding-bottom:0px;padding-left:0px;padding-right:0px;grid-template-columns:minmax(0, 1fr);}#kt-layout-id_a1412c-25{background-image:url('https:\/\/wzeurocopert.pl\/wp-content\/uploads\/2021\/11\/IMG_3639.jpg');background-size:cover;background-position:51% 0%;background-attachment:fixed;background-repeat:no-repeat;}#kt-layout-id_a1412c-25 > .kt-row-layout-overlay{opacity:0.85;background-color:var(--global-palette3, #1A202C);}#kt-layout-id_a1412c-25 .kt-row-layout-bottom-sep{height:1px;}#kt-layout-id_a1412c-25 .kt-row-layout-bottom-sep svg{width:400%;}#kt-layout-id_a1412c-25 .kt-row-layout-bottom-sep svg{fill:var(--global-palette3, #1A202C)!important;}@media all and (max-width: 1024px), only screen and (min-device-width: 1024px) and (max-device-width: 1366px) and (-webkit-min-device-pixel-ratio: 2) and (hover: none){#kt-layout-id_a1412c-25{background-attachment:scroll;}}@media all and (max-width: 1024px){#kt-layout-id_a1412c-25{margin-bottom:0px;}}@media all and (max-width: 1024px){#kt-layout-id_a1412c-25 > .kt-row-column-wrap{padding-top:0px;padding-right:0px;padding-bottom:0px;padding-left:0px;grid-template-columns:minmax(0, 1fr);}}@media all and (max-width: 1024px){#kt-layout-id_a1412c-25 .kt-row-layout-bottom-sep{height:px;}}@media all and (max-width: 1024px){#kt-layout-id_a1412c-25 .kt-row-layout-bottom-sep svg{width:%;}}@media all and (max-width: 767px){#kt-layout-id_a1412c-25{margin-bottom:0px;}#kt-layout-id_a1412c-25 > .kt-row-column-wrap{padding-top:150px;padding-bottom:0px;padding-left:0px;padding-right:0px;grid-template-columns:minmax(0, 1fr);}#kt-layout-id_a1412c-25 .kt-row-layout-bottom-sep{height:px;}#kt-layout-id_a1412c-25 .kt-row-layout-bottom-sep svg{width:%;}}<\/style>\n<div class=\"wp-block-kadence-rowlayout alignnone\"><div id=\"kt-layout-id_a1412c-25\" class=\"kt-row-layout-inner kt-row-has-bg kt-layout-id_a1412c-25 kt-jarallax\"><div class=\"kt-row-layout-overlay kt-row-overlay-normal\"><\/div><div class=\"kt-row-column-wrap kt-has-1-columns kt-gutter-default kt-v-gutter-default kt-row-valign-top kt-row-layout-equal kt-tab-layout-inherit kt-m-colapse-left-to-right kt-mobile-layout-row\"><style>.kadence-column_6bf5fc-3d > .kt-inside-inner-col{padding-top:300px;padding-bottom:90px;padding-left:10px;padding-right:10px;}.kadence-column_6bf5fc-3d > .kt-inside-inner-col{border-top-width:0px;border-right-width:0px;border-bottom-width:0px;border-left-width:0px;}.kadence-column_6bf5fc-3d > .kt-inside-inner-col,.kadence-column_6bf5fc-3d > .kt-inside-inner-col:before{border-top-left-radius:0px;border-top-right-radius:0px;border-bottom-right-radius:0px;border-bottom-left-radius:0px;}.kadence-column_6bf5fc-3d > .kt-inside-inner-col{column-gap:var(--global-kb-gap-sm, 1rem);}.kadence-column_6bf5fc-3d > .kt-inside-inner-col{flex-direction:column;}.kadence-column_6bf5fc-3d > .kt-inside-inner-col > .aligncenter{width:100%;}.kadence-column_6bf5fc-3d > .kt-inside-inner-col{background-image:url('https:\/\/wzeurocopert.pl\/wp-content\/uploads\/2021\/11\/liscie-png.png');background-size:auto;background-position:100% 0%;background-attachment:scroll;background-repeat:no-repeat;}.kadence-column_6bf5fc-3d > .kt-inside-inner-col:before{opacity:0.3;}.kadence-column_6bf5fc-3d{position:relative;}.wp-block-kadence-column.kadence-column_6bf5fc-3d > .kt-inside-inner-col{margin-top:-30px;margin-bottom:0px;margin-right:0px;margin-left:0px;}@media all and (max-width: 1024px){.kadence-column_6bf5fc-3d > .kt-inside-inner-col{padding-top:90px;padding-bottom:30px;padding-left:30px;padding-right:30px;flex-direction:column;justify-content:center;}}@media all and (max-width: 767px){.kadence-column_6bf5fc-3d > .kt-inside-inner-col{padding-top:60px;padding-bottom:20px;padding-left:30px;padding-right:20px;flex-direction:column;justify-content:center;}.wp-block-kadence-column.kadence-column_6bf5fc-3d > .kt-inside-inner-col{margin-top:0px;margin-bottom:0px;margin-right:0px;margin-left:0px;}}<\/style>\n<div class=\"wp-block-kadence-column inner-column-1 kadence-column_6bf5fc-3d\"><div class=\"kt-inside-inner-col\"><style>.wp-block-kadence-advancedheading.kt-adv-heading_293bd0-78, .wp-block-kadence-advancedheading.kt-adv-heading_293bd0-78[data-kb-block=\"kb-adv-heading_293bd0-78\"]{margin-top:0px;margin-right:0px;margin-bottom:0px;margin-left:0px;padding-top:0px;padding-right:0px;padding-bottom:0px;padding-left:0px;font-size:70px;font-weight:normal;font-style:normal;}.wp-block-kadence-advancedheading.kt-adv-heading_293bd0-78 mark.kt-highlight, .wp-block-kadence-advancedheading.kt-adv-heading_293bd0-78[data-kb-block=\"kb-adv-heading_293bd0-78\"] mark.kt-highlight{font-weight:normal;font-style:normal;color:#f76a0c;-webkit-box-decoration-break:clone;box-decoration-break:clone;padding-top:0px;padding-right:0px;padding-bottom:0px;padding-left:0px;}.wp-block-kadence-advancedheading.kt-adv-heading_293bd0-78 img.kb-inline-image, .wp-block-kadence-advancedheading.kt-adv-heading_293bd0-78[data-kb-block=\"kb-adv-heading_293bd0-78\"] img.kb-inline-image{width:150px;vertical-align:baseline;}@media all and (max-width: 1024px){.wp-block-kadence-advancedheading.kt-adv-heading_293bd0-78, .wp-block-kadence-advancedheading.kt-adv-heading_293bd0-78[data-kb-block=\"kb-adv-heading_293bd0-78\"]{margin-bottom:-5px;font-size:60px;}}@media all and (max-width: 767px){.wp-block-kadence-advancedheading.kt-adv-heading_293bd0-78, .wp-block-kadence-advancedheading.kt-adv-heading_293bd0-78[data-kb-block=\"kb-adv-heading_293bd0-78\"]{padding-top:0px;padding-right:0px;padding-bottom:0px;padding-left:0px;margin-top:0px;margin-right:0px;margin-bottom:20px;margin-left:0px;font-size:40px;}}<\/style>\n<h1 class=\"kt-adv-heading_293bd0-78 wp-block-kadence-advancedheading has-theme-palette-9-color has-text-color\" data-kb-block=\"kb-adv-heading_293bd0-78\">RODO<\/h1>\n\n\n\n<p><\/p>\n<\/div><\/div>\n<\/div><\/div><\/div>\n\n\n<style>#kt-layout-id_81f090-7c > .kt-row-column-wrap{align-content:start;}:where(#kt-layout-id_81f090-7c > .kt-row-column-wrap) > .wp-block-kadence-column{justify-content:start;}#kt-layout-id_81f090-7c > .kt-row-column-wrap{column-gap:var(--global-kb-gap-md, 2rem);row-gap:var(--global-kb-gap-md, 2rem);max-width:1170px;margin-left:auto;margin-right:auto;padding-top:var( --global-kb-row-default-top, 25px );padding-bottom:var( --global-kb-row-default-bottom, 25px );padding-top:var(--global-kb-spacing-sm, 1.5rem);padding-bottom:var(--global-kb-spacing-sm, 1.5rem);grid-template-columns:minmax(0, 1fr);}#kt-layout-id_81f090-7c > .kt-row-layout-overlay{opacity:0.30;}@media all and (max-width: 1024px){#kt-layout-id_81f090-7c > .kt-row-column-wrap{grid-template-columns:minmax(0, 1fr);}}@media all and (max-width: 767px){#kt-layout-id_81f090-7c > .kt-row-column-wrap{grid-template-columns:minmax(0, 1fr);}}<\/style>\n<div class=\"wp-block-kadence-rowlayout alignnone\"><div id=\"kt-layout-id_81f090-7c\" class=\"kt-row-layout-inner kt-layout-id_81f090-7c\"><div class=\"kt-row-column-wrap kt-has-1-columns kt-gutter-default kt-v-gutter-default kt-row-valign-top kt-row-layout-equal kt-tab-layout-inherit kt-m-colapse-left-to-right kt-mobile-layout-row\"><style>.kadence-column_2f20b5-82 > .kt-inside-inner-col{border-top-width:0px;border-right-width:0px;border-bottom-width:0px;border-left-width:0px;}.kadence-column_2f20b5-82 > .kt-inside-inner-col,.kadence-column_2f20b5-82 > .kt-inside-inner-col:before{border-top-left-radius:0px;border-top-right-radius:0px;border-bottom-right-radius:0px;border-bottom-left-radius:0px;}.kadence-column_2f20b5-82 > .kt-inside-inner-col{column-gap:var(--global-kb-gap-sm, 1rem);}.kadence-column_2f20b5-82 > .kt-inside-inner-col{flex-direction:column;}.kadence-column_2f20b5-82 > .kt-inside-inner-col > .aligncenter{width:100%;}.kadence-column_2f20b5-82 > .kt-inside-inner-col:before{opacity:0.3;}.kadence-column_2f20b5-82{position:relative;}@media all and (max-width: 1024px){.kadence-column_2f20b5-82 > .kt-inside-inner-col{flex-direction:column;justify-content:center;}}@media all and (max-width: 767px){.kadence-column_2f20b5-82 > .kt-inside-inner-col{flex-direction:column;justify-content:center;}}<\/style>\n<div class=\"wp-block-kadence-column inner-column-1 kadence-column_2f20b5-82\"><div class=\"kt-inside-inner-col\">\n<p>Conform\u00e9ment \u00e0 l\u2019art. 13 par. 1 et par. 2 et \u00e0 l\u2019art. 14 par. 1 et par. 2 du R\u00e8glement (UE) 2016\/679&nbsp;<\/p>\n\n\n\n<p>du Parlement Europ\u00e9en et du Conseil du 27 avril 2016 relatif \u00e0 la protection des personnes physiques \u00e0 l&rsquo;\u00e9gard du traitement des donn\u00e9es \u00e0 caract\u00e8re personnel et \u00e0 la libre circulation de ces donn\u00e9es,\u00a0et abrogeant la directive 95\/56\/CE (ci-apr\u00e8s : \u00ab RGPD \u00bb), appliqu\u00e9 du 25 mai 2018, nous vous informons de la mani\u00e8re et l&rsquo;objectif du traitement de vos donn\u00e9es \u00e0 caract\u00e8re personnel (ci-apr\u00e8s : \u00ab\u00a0donn\u00e9es\u00a0\u00bb), et de vos droits li\u00e9s \u00e0 la protection des donn\u00e9es.<\/p>\n\n\n\n<p>Au vu de tout ce qui pr\u00e9c\u00e8de, nous vous informons que :<\/p>\n\n\n\n<p>1. Le Responsable du traitement de vos donn\u00e9es \u00e0 caract\u00e8re personnel est la soci\u00e9t\u00e9\u00a0WZ EUROCOPERT Sp\u00f3\u0142ka z o.o. [Sarl] ayant son si\u00e8ge \u00e0 Szczecinek ul. Koszali\u0144ska 93, 78-400 Szczecinek, courriel : sekretariat@wzeurocopert.com.pl, t\u00e9l. +48 94 372 48 11.\u00a0<\/p>\n\n\n\n<p>2. Le traitement de Vos donn\u00e9es \u00e0 caract\u00e8re personnel sera effectu\u00e9 sur la base de l&rsquo;art.\u00a06 du RGPD et le Responsable du traitement, pour r\u00e9aliser la proc\u00e9dure li\u00e9e \u00e0 la demande, invoque l\u2019int\u00e9r\u00eat l\u00e9gitime, \u00e0 savoir l\u2019exercice de l&rsquo;activit\u00e9 \u00e9conomique par la soci\u00e9t\u00e9 WZ EUROCOPERT Sp\u00f3\u0142ka\u00a0z o.o. [Sarl] et la surveillance du trafic sur un site.<\/p>\n\n\n\n<p>3. La fourniture de donn\u00e9es \u00e0 caract\u00e8re personnel dans le formulaire de contact sur le site www.wzeurocopert.pl est volontaire.&nbsp;<\/p>\n\n\n\n<p>4. Votre consentement est le fondement du traitement des donn\u00e9es.&nbsp;<\/p>\n\n\n\n<p>5. Les donn\u00e9es \u00e0 caract\u00e8re personnel seront trait\u00e9es et conserv\u00e9es en fonction de la dur\u00e9e\u00a0de l&rsquo;utilisation de la technologie.\u00a0<\/p>\n\n\n\n<p>6. Vous avez le droit de demander au responsable du traitement l&rsquo;acc\u00e8s aux donn\u00e9es \u00e0 caract\u00e8re personnel fournies, le droit de leur rectification, leur effacement ou la limitation du traitement\u00a0de ces donn\u00e9es et le droit d&rsquo;introduire une r\u00e9clamation aupr\u00e8s d&rsquo;une autorit\u00e9 de contr\u00f4le.\u00a0<\/p>\n\n\n\n<p>7. Pour toute question concernant le traitement des donn\u00e9es \u00e0 caract\u00e8re personnel, veuillez vous adresser au Responsable du traitement &#8211; WZ EUROCOPERT Sp. z o.o. [Sarl]. Les modes de contact\u00a0avec notre entreprise sont : adresse postale, courriel, t\u00e9l\u00e9phone ou le formulaire de contact disponible sur notre site.<\/p>\n\n\n\n<p>8. Vos donn\u00e9es \u00e0 caract\u00e8re personnel seront conserv\u00e9es pour la p\u00e9riode de 30 jours \u00e0 5 ans,\u00a0pour le temps n\u00e9cessaire \u00e0 traiter les donn\u00e9es aux fins de l&rsquo;activit\u00e9 \u00e9conomique.<\/p>\n\n\n\n<p>9. Vous avez le droit de l&rsquo;acc\u00e8s aux donn\u00e9es \u00e0 caract\u00e8re personnel, le droit de leur rectification leur effacement et le droit \u00e0 la limitation du traitement, le droit de retirer votre consentement, le droit \u00e0 la portabilit\u00e9 des donn\u00e9es, le droit d&rsquo;opposition au traitement de vos donn\u00e9es \u00e0 caract\u00e8re personnel.&nbsp;<\/p>\n\n\n\n<p>10. Vous avez le droit d&rsquo;introduire une r\u00e9clamation aupr\u00e8s d&rsquo;une autorit\u00e9 de contr\u00f4le,\u00a0si ce traitement, selon Vous, viole les dispositions du r\u00e8glement communautaire, RGPD.\u00a0<\/p>\n\n\n\n<p>11. Les donn\u00e9es peuvent \u00eatre mises \u00e0 disposition aux autres destinataires afin d&rsquo;\u00eatre en mesure de r\u00e9aliser le contrat conclu avec Vous, afin d\u2019accomplir une obligation l\u00e9gale \u00e0 laquelle\u00a0WZ EUROCOPERT Sp. z o.o. [Sar] est soumise, sur la base de votre consentement ou aux fins des int\u00e9r\u00eats l\u00e9gitimes poursuivis par le responsable du traitement ou par un tiers.<\/p>\n\n\n\n<p>12. Les destinataires peuvent \u00eatre notamment : les employ\u00e9s autoris\u00e9es de la soci\u00e9t\u00e9&nbsp;<\/p>\n\n\n\n<p>WZ EUROCOPERT Sp. z o.o. [Sarl] et d\u2019autres institutions l\u00e9galement autoris\u00e9es \u00e0 recevoir vos donn\u00e9es sur la base des dispositions pertinentes du droit.<\/p>\n\n\n\n<p>13. Les donn\u00e9es sont aussi transmises aux sous-traitants qui traitent les donn\u00e9es pour le compte de la soci\u00e9t\u00e9 WZ EUROCOPERT Sp. z o.o. [Sarl] et \u00e0 ses employ\u00e9s autoris\u00e9s, auquel&nbsp;<\/p>\n\n\n\n<p>cas ces sous-traitants traitent les donn\u00e9es sur la base du contrat avec la soci\u00e9t\u00e9 WZ EUROCOPERT&nbsp;<\/p>\n\n\n\n<p>Sp. z o.o. [Sarl] et seulement en suivant les instructions de la soci\u00e9t\u00e9 WZ EUROCOPERT Sp. z o.o. [Sarl] et sous r\u00e9serve de respecter le secret professionnel. Parmi les personnes effectuant des t\u00e2ches au nom et au profit de la soci\u00e9t\u00e9 WZ EUROCOPERT Sp. z o.o. [Sarl] on peut citer les fournisseurs de services, en particulier de services IT, service juridique.<\/p>\n\n\n\n<p>14. Les donn\u00e9es sont transmises aux destinataires dans les pays en dehors de l&rsquo;Union Europ\u00e9enne (ci-apr\u00e8s : \u00ab pays tiers \u00bb), lorsqu\u2019il est n\u00e9cessaire de r\u00e9aliser le contrat conclu entre Vous et la soci\u00e9t\u00e9 WZ EUROCOPERT Sp. z o.o. [Sarl]. D&rsquo;autres cas de transfert de donn\u00e9es vers des pays tiers seront r\u00e9gl\u00e9s dans des documents s\u00e9par\u00e9s. Vous pouvez obtenir une copie des donn\u00e9es transmises \u00e0 un pays tiers en la demandant au Responsable du traitement. Le transfert de donn\u00e9es vers des pays tiers peut \u00eatre r\u00e9alis\u00e9 \u00e9galement apr\u00e8s avoir obtenu votre consentement. Par cons\u00e9quent, vos donn\u00e9es seront transf\u00e9r\u00e9es vers un pays tiers sur la base de l&rsquo;art. 49 par. 1 lettre a et l\u2019art. 49 par. 1 lettre b du RGPD.<\/p>\n\n\n\n<p>15. Vous avez le droit de :<\/p>\n\n\n\n<p>a. demander l&rsquo;acc\u00e8s aux donn\u00e9es \u00e0 caract\u00e8re personnel, et leur rectification, demander\u00a0la limitation de leur traitement ou leur effacement;<\/p>\n\n\n\n<p>b. retirer \u00e0 tout moment son consentement au traitement des donn\u00e9es pr\u00e9alable dans la mesure o\u00f9 le consentement est donn\u00e9, en prenant en consid\u00e9ration que le retrait du consentement\u00a0ne compromet pas la lic\u00e9it\u00e9 du traitement fond\u00e9 sur le consentement effectu\u00e9 avant ce retrait;<\/p>\n\n\n\n<p>c. demander le transfert des donn\u00e9es que vous avez fournies \u00e0 la soci\u00e9t\u00e9 WZ EUROCOPERT\u00a0Sp. z o.o. [Sarl] trait\u00e9es aux fins de la conclusion et l&rsquo;ex\u00e9cution du contrat ou trait\u00e9es sur la base\u00a0d\u2019un consentement. Le transfert consiste \u00e0 la r\u00e9ception de vos donn\u00e9es de la part de la soci\u00e9t\u00e9\u00a0WZ EUROCOPERT Sp. z o.o. [Sarl] dans un format structur\u00e9, couramment utilis\u00e9 et lisible par machine, et au droit de transmettre ces donn\u00e9es \u00e0 un autre responsable du traitement, lorsque c&rsquo;est techniquement possible. Le droit ne s&rsquo;applique pas aux donn\u00e9es qui constituent un secret de la soci\u00e9t\u00e9 WZ EUROCOPERT Sp. z o.o. [Sarl];<\/p>\n\n\n\n<p>d. droit d&rsquo;introduire une r\u00e9clamation aupr\u00e8s d&rsquo;une autorit\u00e9 de contr\u00f4le, en Pologne\u00a0c\u2019est le Pr\u00e9sident de l&rsquo;Office pour la protection des donn\u00e9es personnelles, si vous consid\u00e9rez que le traitement de vos donn\u00e9es viole les dispositions du RGPD.<\/p>\n\n\n\n<p>e. De plus, vous avez le droit, \u00e0 tout moment, de s&rsquo;opposer \u00e0 au traitement des donn\u00e9es :&nbsp;<\/p>\n\n\n\n<p>i. pour des raisons li\u00e9es \u00e0 votre situation particuli\u00e8re, quand la soci\u00e9t\u00e9 WZ EUROCOPERT\u00a0Sp. z o.o. [Sarl] traite les donn\u00e9es aux fins des int\u00e9r\u00eats l\u00e9gitimes (art. 21 par. 1 du RGPD),<\/p>\n\n\n\n<p>ii. \u00e0 des fins de prospection, y compris le profilage dans la mesure o\u00f9 il est li\u00e9 \u00e0 une telle prospection, qu&rsquo;il s&rsquo;agisse d&rsquo;un traitement initial ou ult\u00e9rieur (art. 21 par. 2 RODO).<\/p>\n\n\n\n<p>16. En r\u00e9alisant vos droits, la soci\u00e9t\u00e9 WZ EUROCOPERT Sp. z o.o. [Sarl] peut demander\u00a0des informations suppl\u00e9mentaires, n\u00e9cessaires pour confirmer votre identit\u00e9.<\/p>\n<\/div><\/div>\n<\/div><\/div><\/div>\n","protected":false},"excerpt":{"rendered":"<p>RODO Conform\u00e9ment \u00e0 l\u2019art. 13 par. 1 et par. 2 et \u00e0 l\u2019art. 14 par. 1 et par. 2 du R\u00e8glement (UE) 2016\/679&nbsp; du Parlement Europ\u00e9en et du Conseil du 27 avril 2016 relatif \u00e0 la protection des personnes physiques \u00e0 l&rsquo;\u00e9gard du traitement des donn\u00e9es \u00e0 caract\u00e8re personnel et \u00e0 la libre circulation de&#8230;<\/p>\n","protected":false},"author":1,"featured_media":0,"parent":0,"menu_order":0,"comment_status":"closed","ping_status":"closed","template":"","meta":{"_kad_blocks_custom_css":"","_kad_blocks_head_custom_js":"","_kad_blocks_body_custom_js":"","_kad_blocks_footer_custom_js":"","_kadence_starter_templates_imported_post":false,"_kad_post_transparent":"","_kad_post_title":"","_kad_post_layout":"","_kad_post_sidebar_id":"","_kad_post_content_style":"","_kad_post_vertical_padding":"","_kad_post_feature":"","_kad_post_feature_position":"","_kad_post_header":false,"_kad_post_footer":false,"footnotes":""},"class_list":["post-3949","page","type-page","status-publish","hentry"],"taxonomy_info":[],"featured_image_src_large":false,"author_info":{"display_name":"wzrootwzeurocopertpl","author_link":"https:\/\/wzeurocopert.pl\/fr\/author\/wzrootwzeurocopertpl\/"},"comment_info":0,"_links":{"self":[{"href":"https:\/\/wzeurocopert.pl\/fr\/wp-json\/wp\/v2\/pages\/3949","targetHints":{"allow":["GET"]}}],"collection":[{"href":"https:\/\/wzeurocopert.pl\/fr\/wp-json\/wp\/v2\/pages"}],"about":[{"href":"https:\/\/wzeurocopert.pl\/fr\/wp-json\/wp\/v2\/types\/page"}],"author":[{"embeddable":true,"href":"https:\/\/wzeurocopert.pl\/fr\/wp-json\/wp\/v2\/users\/1"}],"replies":[{"embeddable":true,"href":"https:\/\/wzeurocopert.pl\/fr\/wp-json\/wp\/v2\/comments?post=3949"}],"version-history":[{"count":0,"href":"https:\/\/wzeurocopert.pl\/fr\/wp-json\/wp\/v2\/pages\/3949\/revisions"}],"wp:attachment":[{"href":"https:\/\/wzeurocopert.pl\/fr\/wp-json\/wp\/v2\/media?parent=3949"}],"curies":[{"name":"wp","href":"https:\/\/api.w.org\/{rel}","templated":true}]}}