{"id":3654,"date":"2021-11-15T09:28:23","date_gmt":"2021-11-15T08:28:23","guid":{"rendered":"https:\/\/wzeurocopert.pl\/dwuwarstwowe-koperty-double-bag\/"},"modified":"2021-11-17T20:17:50","modified_gmt":"2021-11-17T19:17:50","slug":"enveloppes-double-couche-double-bag","status":"publish","type":"page","link":"https:\/\/wzeurocopert.pl\/fr\/offre\/enveloppes-double-couche-double-bag\/","title":{"rendered":"Enveloppes double couche Double Bag"},"content":{"rendered":"<style>#kt-layout-id_8b36ef-0d{margin-top:0px;margin-bottom:90px;}#kt-layout-id_8b36ef-0d > .kt-row-column-wrap{align-content:start;}:where(#kt-layout-id_8b36ef-0d > .kt-row-column-wrap) > .wp-block-kadence-column{justify-content:start;}#kt-layout-id_8b36ef-0d > .kt-row-column-wrap{column-gap:var(--global-kb-gap-md, 2rem);row-gap:var(--global-kb-gap-md, 2rem);max-width:1140px;margin-left:auto;margin-right:auto;padding-top:var( --global-kb-row-default-top, 25px );padding-bottom:var( --global-kb-row-default-bottom, 25px );padding-top:0px;padding-bottom:0px;padding-left:0px;padding-right:0px;grid-template-columns:minmax(0, 1fr);}#kt-layout-id_8b36ef-0d{background-image:url('https:\/\/wzeurocopert.pl\/wp-content\/uploads\/2021\/11\/IMG_3639.jpg');background-size:cover;background-position:51% 0%;background-attachment:fixed;background-repeat:no-repeat;}#kt-layout-id_8b36ef-0d > .kt-row-layout-overlay{opacity:0.85;background-color:var(--global-palette3, #1A202C);}#kt-layout-id_8b36ef-0d .kt-row-layout-bottom-sep{height:1px;}#kt-layout-id_8b36ef-0d .kt-row-layout-bottom-sep svg{width:400%;}#kt-layout-id_8b36ef-0d .kt-row-layout-bottom-sep svg{fill:var(--global-palette3, #1A202C)!important;}@media all and (max-width: 1024px), only screen and (min-device-width: 1024px) and (max-device-width: 1366px) and (-webkit-min-device-pixel-ratio: 2) and (hover: none){#kt-layout-id_8b36ef-0d{background-attachment:scroll;}}@media all and (max-width: 1024px){#kt-layout-id_8b36ef-0d{margin-bottom:0px;}}@media all and (max-width: 1024px){#kt-layout-id_8b36ef-0d > .kt-row-column-wrap{padding-top:0px;padding-right:0px;padding-bottom:0px;padding-left:0px;grid-template-columns:minmax(0, 1fr);}}@media all and (max-width: 1024px){#kt-layout-id_8b36ef-0d .kt-row-layout-bottom-sep{height:px;}}@media all and (max-width: 1024px){#kt-layout-id_8b36ef-0d .kt-row-layout-bottom-sep svg{width:%;}}@media all and (max-width: 767px){#kt-layout-id_8b36ef-0d{margin-bottom:0px;}#kt-layout-id_8b36ef-0d > .kt-row-column-wrap{padding-top:150px;padding-bottom:0px;padding-left:0px;padding-right:0px;grid-template-columns:minmax(0, 1fr);}#kt-layout-id_8b36ef-0d .kt-row-layout-bottom-sep{height:px;}#kt-layout-id_8b36ef-0d .kt-row-layout-bottom-sep svg{width:%;}}<\/style>\n<div class=\"wp-block-kadence-rowlayout alignnone\"><div id=\"kt-layout-id_8b36ef-0d\" class=\"kt-row-layout-inner kt-row-has-bg kt-layout-id_8b36ef-0d kt-jarallax\"><div class=\"kt-row-layout-overlay kt-row-overlay-normal\"><\/div><div class=\"kt-row-column-wrap kt-has-1-columns kt-gutter-default kt-v-gutter-default kt-row-valign-top kt-row-layout-equal kt-tab-layout-inherit kt-m-colapse-left-to-right kt-mobile-layout-row\"><style>.kadence-column_4ac110-68 > .kt-inside-inner-col{padding-top:300px;padding-bottom:90px;padding-left:10px;padding-right:10px;}.kadence-column_4ac110-68 > .kt-inside-inner-col{border-top-width:0px;border-right-width:0px;border-bottom-width:0px;border-left-width:0px;}.kadence-column_4ac110-68 > .kt-inside-inner-col,.kadence-column_4ac110-68 > .kt-inside-inner-col:before{border-top-left-radius:0px;border-top-right-radius:0px;border-bottom-right-radius:0px;border-bottom-left-radius:0px;}.kadence-column_4ac110-68 > .kt-inside-inner-col{column-gap:var(--global-kb-gap-sm, 1rem);}.kadence-column_4ac110-68 > .kt-inside-inner-col{flex-direction:column;}.kadence-column_4ac110-68 > .kt-inside-inner-col > .aligncenter{width:100%;}.kadence-column_4ac110-68 > .kt-inside-inner-col{background-image:url('https:\/\/wzeurocopert.pl\/wp-content\/uploads\/2021\/11\/liscie-png.png');background-size:auto;background-position:100% 0%;background-attachment:scroll;background-repeat:no-repeat;}.kadence-column_4ac110-68 > .kt-inside-inner-col:before{opacity:0.3;}.kadence-column_4ac110-68{position:relative;}.wp-block-kadence-column.kadence-column_4ac110-68 > .kt-inside-inner-col{margin-top:-30px;margin-bottom:0px;margin-right:0px;margin-left:0px;}@media all and (max-width: 1024px){.kadence-column_4ac110-68 > .kt-inside-inner-col{padding-top:90px;padding-bottom:30px;padding-left:30px;padding-right:30px;flex-direction:column;justify-content:center;}}@media all and (max-width: 767px){.kadence-column_4ac110-68 > .kt-inside-inner-col{padding-top:60px;padding-bottom:20px;padding-left:30px;padding-right:20px;flex-direction:column;justify-content:center;}.wp-block-kadence-column.kadence-column_4ac110-68 > .kt-inside-inner-col{margin-top:0px;margin-bottom:0px;margin-right:0px;margin-left:0px;}}<\/style>\n<div class=\"wp-block-kadence-column inner-column-1 kadence-column_4ac110-68\"><div class=\"kt-inside-inner-col\"><style>.wp-block-kadence-advancedheading.kt-adv-heading_5d646e-14, .wp-block-kadence-advancedheading.kt-adv-heading_5d646e-14[data-kb-block=\"kb-adv-heading_5d646e-14\"]{margin-top:0px;margin-right:0px;margin-bottom:0px;margin-left:0px;padding-top:0px;padding-right:0px;padding-bottom:0px;padding-left:0px;font-size:70px;font-weight:normal;font-style:normal;}.wp-block-kadence-advancedheading.kt-adv-heading_5d646e-14 mark.kt-highlight, .wp-block-kadence-advancedheading.kt-adv-heading_5d646e-14[data-kb-block=\"kb-adv-heading_5d646e-14\"] mark.kt-highlight{font-weight:normal;font-style:normal;color:#f76a0c;-webkit-box-decoration-break:clone;box-decoration-break:clone;padding-top:0px;padding-right:0px;padding-bottom:0px;padding-left:0px;}.wp-block-kadence-advancedheading.kt-adv-heading_5d646e-14 img.kb-inline-image, .wp-block-kadence-advancedheading.kt-adv-heading_5d646e-14[data-kb-block=\"kb-adv-heading_5d646e-14\"] img.kb-inline-image{width:150px;vertical-align:baseline;}@media all and (max-width: 1024px){.wp-block-kadence-advancedheading.kt-adv-heading_5d646e-14, .wp-block-kadence-advancedheading.kt-adv-heading_5d646e-14[data-kb-block=\"kb-adv-heading_5d646e-14\"]{margin-bottom:-5px;font-size:60px;}}@media all and (max-width: 767px){.wp-block-kadence-advancedheading.kt-adv-heading_5d646e-14, .wp-block-kadence-advancedheading.kt-adv-heading_5d646e-14[data-kb-block=\"kb-adv-heading_5d646e-14\"]{padding-top:0px;padding-right:0px;padding-bottom:0px;padding-left:0px;margin-top:0px;margin-right:0px;margin-bottom:20px;margin-left:0px;font-size:40px;}}<\/style>\n<h1 class=\"kt-adv-heading_5d646e-14 wp-block-kadence-advancedheading has-theme-palette-9-color has-text-color\" data-kb-block=\"kb-adv-heading_5d646e-14\"><strong><strong>Enveloppes double couche Double Bag<\/strong><\/strong><\/h1>\n\n\n\n<p><\/p>\n<\/div><\/div>\n<\/div><\/div><\/div>\n\n\n<style>#kt-layout-id_925b96-41 > .kt-row-column-wrap{align-content:start;}:where(#kt-layout-id_925b96-41 > .kt-row-column-wrap) > .wp-block-kadence-column{justify-content:start;}#kt-layout-id_925b96-41 > .kt-row-column-wrap{column-gap:var(--global-kb-gap-md, 2rem);row-gap:var(--global-kb-gap-md, 2rem);max-width:1170px;margin-left:auto;margin-right:auto;padding-top:var( --global-kb-row-default-top, 25px );padding-bottom:var( --global-kb-row-default-bottom, 25px );padding-top:var(--global-kb-spacing-sm, 1.5rem);padding-bottom:var(--global-kb-spacing-sm, 1.5rem);grid-template-columns:minmax(0, 1fr);}#kt-layout-id_925b96-41 > .kt-row-layout-overlay{opacity:0.30;}@media all and (max-width: 1024px){#kt-layout-id_925b96-41 > .kt-row-column-wrap{grid-template-columns:minmax(0, 1fr);}}@media all and (max-width: 767px){#kt-layout-id_925b96-41 > .kt-row-column-wrap{grid-template-columns:minmax(0, 1fr);}}<\/style>\n<div class=\"wp-block-kadence-rowlayout alignnone\"><div id=\"kt-layout-id_925b96-41\" class=\"kt-row-layout-inner kt-layout-id_925b96-41\"><div class=\"kt-row-column-wrap kt-has-1-columns kt-gutter-default kt-v-gutter-default kt-row-valign-top kt-row-layout-equal kt-tab-layout-inherit kt-m-colapse-left-to-right kt-mobile-layout-row\"><style>.kadence-column_02b2d9-19 > .kt-inside-inner-col{border-top-width:0px;border-right-width:0px;border-bottom-width:0px;border-left-width:0px;}.kadence-column_02b2d9-19 > .kt-inside-inner-col,.kadence-column_02b2d9-19 > .kt-inside-inner-col:before{border-top-left-radius:0px;border-top-right-radius:0px;border-bottom-right-radius:0px;border-bottom-left-radius:0px;}.kadence-column_02b2d9-19 > .kt-inside-inner-col{column-gap:var(--global-kb-gap-sm, 1rem);}.kadence-column_02b2d9-19 > .kt-inside-inner-col{flex-direction:column;}.kadence-column_02b2d9-19 > .kt-inside-inner-col > .aligncenter{width:100%;}.kadence-column_02b2d9-19 > .kt-inside-inner-col:before{opacity:0.3;}.kadence-column_02b2d9-19{position:relative;}@media all and (max-width: 1024px){.kadence-column_02b2d9-19 > .kt-inside-inner-col{flex-direction:column;justify-content:center;}}@media all and (max-width: 767px){.kadence-column_02b2d9-19 > .kt-inside-inner-col{flex-direction:column;justify-content:center;}}<\/style>\n<div class=\"wp-block-kadence-column inner-column-1 kadence-column_02b2d9-19\"><div class=\"kt-inside-inner-col\">\n<p>Les caract\u00e9ristiques des enveloppes DOUBLE bag comprennent la bande adh\u00e9sive, le rabat de fermeture renforc\u00e9, les c\u00f4t\u00e9s et le bas extensibles. Le produit DOUBLE bag est une enveloppe spatiale, constitu\u00e9e d\u2019une double couche de papier offset blanc d\u2019un grammage et de tailles diff\u00e9rents. La partie avant et le bas de l\u2019enveloppe poss\u00e8dent un renforcement suppl\u00e9mentaire intercouche. Ces enveloppes sont \u00e9quip\u00e9es d\u2019une bande auto-adh\u00e9sive (HK), d\u2019un syst\u00e8me de s\u00e9curit\u00e9 (protection contre l\u2019ouverture non autoris\u00e9e) et d\u2019une bande d\u2019ouverture par d\u00e9chirure. L\u2019utilisation principale des enveloppes DOUBLE bag qui garantissent la protection du contenu contre l\u2019\u00e9crasement et les dommages est l\u2019envoi de la correspondance cumul\u00e9e, par exemple, des livres, dossiers ou classeurs. Ces enveloppes sont \u00e9galement utilis\u00e9es dans le commerce en ligne et les achats \u00e0 distance.<\/p>\n\n\n\n<figure class=\"wp-block-table\"><table><tbody><tr><td><strong>Dimensions (mm)<\/strong><\/td><td><strong>Type<\/strong><\/td><td><strong>Couleur<\/strong><\/td><td><strong>Grammage en g\/m2<\/strong><\/td><td><strong>Quantit\u00e9 par emballage<\/strong><\/td><td><strong>Quantit\u00e9 par palette<\/strong><\/td><\/tr><tr><td>DOUBLE Bag 200x310x40<\/td><td>O-DS-180<\/td><td>bia\u0142a<\/td><td>2&#215;90<\/td><td>100<\/td><td>7 200<\/td><\/tr><tr><td>DOUBLE Bag 255x390x40<\/td><td>S-DS-200<\/td><td>bia\u0142a<\/td><td>2&#215;100<\/td><td>100<\/td><td>5 000<\/td><\/tr><tr><td>DOUBLE Bag 300x460x40<\/td><td>L-DS-220<\/td><td>bia\u0142a<\/td><td>2&#215;110<\/td><td>100<\/td><td>3 500<\/td><\/tr><tr><td>DOUBLE Bag 280x440x60<\/td><td>X-DS-240<\/td><td>bia\u0142a<\/td><td>2&#215;120<\/td><td>75<\/td><td>1 125<\/td><\/tr><\/tbody><\/table><\/figure>\n<\/div><\/div>\n<\/div><\/div><\/div>\n","protected":false},"excerpt":{"rendered":"<p>Enveloppes double couche Double Bag Les caract\u00e9ristiques des enveloppes DOUBLE bag comprennent la bande adh\u00e9sive, le rabat de fermeture renforc\u00e9, les c\u00f4t\u00e9s et le bas extensibles. Le produit DOUBLE bag est une enveloppe spatiale, constitu\u00e9e d\u2019une double couche de papier offset blanc d\u2019un grammage et de tailles diff\u00e9rents. La partie avant et le bas de&#8230;<\/p>\n","protected":false},"author":1,"featured_media":0,"parent":3396,"menu_order":0,"comment_status":"closed","ping_status":"closed","template":"","meta":{"_kad_blocks_custom_css":"","_kad_blocks_head_custom_js":"","_kad_blocks_body_custom_js":"","_kad_blocks_footer_custom_js":"","_kadence_starter_templates_imported_post":false,"_kad_post_transparent":"","_kad_post_title":"","_kad_post_layout":"","_kad_post_sidebar_id":"","_kad_post_content_style":"","_kad_post_vertical_padding":"","_kad_post_feature":"","_kad_post_feature_position":"","_kad_post_header":false,"_kad_post_footer":false,"footnotes":""},"class_list":["post-3654","page","type-page","status-publish","hentry"],"taxonomy_info":[],"featured_image_src_large":false,"author_info":{"display_name":"wzrootwzeurocopertpl","author_link":"https:\/\/wzeurocopert.pl\/fr\/author\/wzrootwzeurocopertpl\/"},"comment_info":0,"_links":{"self":[{"href":"https:\/\/wzeurocopert.pl\/fr\/wp-json\/wp\/v2\/pages\/3654","targetHints":{"allow":["GET"]}}],"collection":[{"href":"https:\/\/wzeurocopert.pl\/fr\/wp-json\/wp\/v2\/pages"}],"about":[{"href":"https:\/\/wzeurocopert.pl\/fr\/wp-json\/wp\/v2\/types\/page"}],"author":[{"embeddable":true,"href":"https:\/\/wzeurocopert.pl\/fr\/wp-json\/wp\/v2\/users\/1"}],"replies":[{"embeddable":true,"href":"https:\/\/wzeurocopert.pl\/fr\/wp-json\/wp\/v2\/comments?post=3654"}],"version-history":[{"count":0,"href":"https:\/\/wzeurocopert.pl\/fr\/wp-json\/wp\/v2\/pages\/3654\/revisions"}],"up":[{"embeddable":true,"href":"https:\/\/wzeurocopert.pl\/fr\/wp-json\/wp\/v2\/pages\/3396"}],"wp:attachment":[{"href":"https:\/\/wzeurocopert.pl\/fr\/wp-json\/wp\/v2\/media?parent=3654"}],"curies":[{"name":"wp","href":"https:\/\/api.w.org\/{rel}","templated":true}]}}