{"id":3533,"date":"2021-11-04T18:32:56","date_gmt":"2021-11-04T17:32:56","guid":{"rendered":"https:\/\/wzeurocopert.pl\/oferta\/koperty-w-pakietach\/"},"modified":"2021-11-17T21:10:51","modified_gmt":"2021-11-17T20:10:51","slug":"enveloppes-en-paquets","status":"publish","type":"page","link":"https:\/\/wzeurocopert.pl\/fr\/offre\/enveloppes-en-paquets\/","title":{"rendered":"Enveloppes en paquets"},"content":{"rendered":"<style>#kt-layout-id_4bb027-c8{margin-top:0px;margin-bottom:90px;}#kt-layout-id_4bb027-c8 > .kt-row-column-wrap{align-content:start;}:where(#kt-layout-id_4bb027-c8 > .kt-row-column-wrap) > .wp-block-kadence-column{justify-content:start;}#kt-layout-id_4bb027-c8 > .kt-row-column-wrap{column-gap:var(--global-kb-gap-md, 2rem);row-gap:var(--global-kb-gap-md, 2rem);max-width:1140px;margin-left:auto;margin-right:auto;padding-top:var( --global-kb-row-default-top, 25px );padding-bottom:var( --global-kb-row-default-bottom, 25px );padding-top:0px;padding-bottom:0px;padding-left:0px;padding-right:0px;grid-template-columns:minmax(0, 1fr);}#kt-layout-id_4bb027-c8{background-image:url('https:\/\/wzeurocopert.pl\/wp-content\/uploads\/2021\/11\/IMG_3639.jpg');background-size:cover;background-position:51% 0%;background-attachment:fixed;background-repeat:no-repeat;}#kt-layout-id_4bb027-c8 > .kt-row-layout-overlay{opacity:0.85;background-color:var(--global-palette3, #1A202C);}#kt-layout-id_4bb027-c8 .kt-row-layout-bottom-sep{height:1px;}#kt-layout-id_4bb027-c8 .kt-row-layout-bottom-sep svg{width:400%;}#kt-layout-id_4bb027-c8 .kt-row-layout-bottom-sep svg{fill:var(--global-palette3, #1A202C)!important;}@media all and (max-width: 1024px), only screen and (min-device-width: 1024px) and (max-device-width: 1366px) and (-webkit-min-device-pixel-ratio: 2) and (hover: none){#kt-layout-id_4bb027-c8{background-attachment:scroll;}}@media all and (max-width: 1024px){#kt-layout-id_4bb027-c8{margin-bottom:0px;}}@media all and (max-width: 1024px){#kt-layout-id_4bb027-c8 > .kt-row-column-wrap{padding-top:0px;padding-right:0px;padding-bottom:0px;padding-left:0px;grid-template-columns:minmax(0, 1fr);}}@media all and (max-width: 1024px){#kt-layout-id_4bb027-c8 .kt-row-layout-bottom-sep{height:px;}}@media all and (max-width: 1024px){#kt-layout-id_4bb027-c8 .kt-row-layout-bottom-sep svg{width:%;}}@media all and (max-width: 767px){#kt-layout-id_4bb027-c8{margin-bottom:0px;}#kt-layout-id_4bb027-c8 > .kt-row-column-wrap{padding-top:150px;padding-bottom:0px;padding-left:0px;padding-right:0px;grid-template-columns:minmax(0, 1fr);}#kt-layout-id_4bb027-c8 .kt-row-layout-bottom-sep{height:px;}#kt-layout-id_4bb027-c8 .kt-row-layout-bottom-sep svg{width:%;}}<\/style>\n<div class=\"wp-block-kadence-rowlayout alignnone\"><div id=\"kt-layout-id_4bb027-c8\" class=\"kt-row-layout-inner kt-row-has-bg kt-layout-id_4bb027-c8 kt-jarallax\"><div class=\"kt-row-layout-overlay kt-row-overlay-normal\"><\/div><div class=\"kt-row-column-wrap kt-has-1-columns kt-gutter-default kt-v-gutter-default kt-row-valign-top kt-row-layout-equal kt-tab-layout-inherit kt-m-colapse-left-to-right kt-mobile-layout-row\"><style>.kadence-column_269475-c8 > .kt-inside-inner-col{padding-top:300px;padding-bottom:90px;padding-left:10px;padding-right:10px;}.kadence-column_269475-c8 > .kt-inside-inner-col{border-top-width:0px;border-right-width:0px;border-bottom-width:0px;border-left-width:0px;}.kadence-column_269475-c8 > .kt-inside-inner-col,.kadence-column_269475-c8 > .kt-inside-inner-col:before{border-top-left-radius:0px;border-top-right-radius:0px;border-bottom-right-radius:0px;border-bottom-left-radius:0px;}.kadence-column_269475-c8 > .kt-inside-inner-col{column-gap:var(--global-kb-gap-sm, 1rem);}.kadence-column_269475-c8 > .kt-inside-inner-col{flex-direction:column;}.kadence-column_269475-c8 > .kt-inside-inner-col > .aligncenter{width:100%;}.kadence-column_269475-c8 > .kt-inside-inner-col{background-image:url('https:\/\/wzeurocopert.pl\/wp-content\/uploads\/2021\/11\/liscie-png.png');background-size:auto;background-position:100% 0%;background-attachment:scroll;background-repeat:no-repeat;}.kadence-column_269475-c8 > .kt-inside-inner-col:before{opacity:0.3;}.kadence-column_269475-c8{position:relative;}.wp-block-kadence-column.kadence-column_269475-c8 > .kt-inside-inner-col{margin-top:-30px;margin-bottom:0px;margin-right:0px;margin-left:0px;}@media all and (max-width: 1024px){.kadence-column_269475-c8 > .kt-inside-inner-col{padding-top:90px;padding-bottom:30px;padding-left:30px;padding-right:30px;flex-direction:column;justify-content:center;}}@media all and (max-width: 767px){.kadence-column_269475-c8 > .kt-inside-inner-col{padding-top:60px;padding-bottom:20px;padding-left:30px;padding-right:20px;flex-direction:column;justify-content:center;}.wp-block-kadence-column.kadence-column_269475-c8 > .kt-inside-inner-col{margin-top:0px;margin-bottom:0px;margin-right:0px;margin-left:0px;}}<\/style>\n<div class=\"wp-block-kadence-column inner-column-1 kadence-column_269475-c8\"><div class=\"kt-inside-inner-col\"><style>.wp-block-kadence-advancedheading.kt-adv-heading_47876c-df, .wp-block-kadence-advancedheading.kt-adv-heading_47876c-df[data-kb-block=\"kb-adv-heading_47876c-df\"]{margin-top:0px;margin-right:0px;margin-bottom:0px;margin-left:0px;padding-top:0px;padding-right:0px;padding-bottom:0px;padding-left:0px;font-size:70px;font-weight:normal;font-style:normal;}.wp-block-kadence-advancedheading.kt-adv-heading_47876c-df mark.kt-highlight, .wp-block-kadence-advancedheading.kt-adv-heading_47876c-df[data-kb-block=\"kb-adv-heading_47876c-df\"] mark.kt-highlight{font-weight:normal;font-style:normal;color:#f76a0c;-webkit-box-decoration-break:clone;box-decoration-break:clone;padding-top:0px;padding-right:0px;padding-bottom:0px;padding-left:0px;}.wp-block-kadence-advancedheading.kt-adv-heading_47876c-df img.kb-inline-image, .wp-block-kadence-advancedheading.kt-adv-heading_47876c-df[data-kb-block=\"kb-adv-heading_47876c-df\"] img.kb-inline-image{width:150px;vertical-align:baseline;}@media all and (max-width: 1024px){.wp-block-kadence-advancedheading.kt-adv-heading_47876c-df, .wp-block-kadence-advancedheading.kt-adv-heading_47876c-df[data-kb-block=\"kb-adv-heading_47876c-df\"]{margin-bottom:-5px;font-size:60px;}}@media all and (max-width: 767px){.wp-block-kadence-advancedheading.kt-adv-heading_47876c-df, .wp-block-kadence-advancedheading.kt-adv-heading_47876c-df[data-kb-block=\"kb-adv-heading_47876c-df\"]{padding-top:0px;padding-right:0px;padding-bottom:0px;padding-left:0px;margin-top:0px;margin-right:0px;margin-bottom:20px;margin-left:0px;font-size:40px;}}<\/style>\n<h1 class=\"kt-adv-heading_47876c-df wp-block-kadence-advancedheading has-theme-palette-9-color has-text-color\" data-kb-block=\"kb-adv-heading_47876c-df\">Enveloppes en paquets<\/h1>\n\n\n\n<p><\/p>\n<\/div><\/div>\n<\/div><\/div><\/div>\n\n\n<style>#kt-layout-id_1cfd91-7f > .kt-row-column-wrap{align-content:center;}:where(#kt-layout-id_1cfd91-7f > .kt-row-column-wrap) > .wp-block-kadence-column{justify-content:center;}#kt-layout-id_1cfd91-7f > .kt-row-column-wrap{column-gap:var(--global-kb-gap-md, 2rem);row-gap:var(--global-kb-gap-md, 2rem);max-width:1174px;margin-left:auto;margin-right:auto;padding-top:var( --global-kb-row-default-top, 25px );padding-bottom:var( --global-kb-row-default-bottom, 25px );padding-top:var(--global-kb-spacing-sm, 1.5rem);padding-bottom:var(--global-kb-spacing-sm, 1.5rem);}#kt-layout-id_1cfd91-7f > .kt-row-column-wrap > div:not(.added-for-specificity){grid-column:initial;}#kt-layout-id_1cfd91-7f > .kt-row-column-wrap{grid-template-columns:minmax(0, 2fr) minmax(0, 1fr) minmax(0, 1fr);}#kt-layout-id_1cfd91-7f > .kt-row-layout-overlay{opacity:0.30;}@media all and (max-width: 1024px){#kt-layout-id_1cfd91-7f > .kt-row-column-wrap > div:not(.added-for-specificity){grid-column:initial;}}@media all and (max-width: 1024px){#kt-layout-id_1cfd91-7f > .kt-row-column-wrap{grid-template-columns:minmax(0, 2fr) minmax(0, 1fr) minmax(0, 1fr);}}@media all and (max-width: 767px){#kt-layout-id_1cfd91-7f > .kt-row-column-wrap > div:not(.added-for-specificity){grid-column:initial;}#kt-layout-id_1cfd91-7f > .kt-row-column-wrap{grid-template-columns:minmax(0, 1fr);}}<\/style>\n<div class=\"wp-block-kadence-rowlayout alignnone\"><div id=\"kt-layout-id_1cfd91-7f\" class=\"kt-row-layout-inner kt-layout-id_1cfd91-7f\"><div class=\"kt-row-column-wrap kt-has-3-columns kt-gutter-default kt-v-gutter-default kt-row-valign-middle kt-row-layout-left-half kt-tab-layout-inherit kt-m-colapse-left-to-right kt-mobile-layout-row\"><style>.kadence-column_da554a-38 > .kt-inside-inner-col{border-top-width:0px;border-right-width:0px;border-bottom-width:0px;border-left-width:0px;}.kadence-column_da554a-38 > .kt-inside-inner-col,.kadence-column_da554a-38 > .kt-inside-inner-col:before{border-top-left-radius:0px;border-top-right-radius:0px;border-bottom-right-radius:0px;border-bottom-left-radius:0px;}.kadence-column_da554a-38 > .kt-inside-inner-col{column-gap:var(--global-kb-gap-sm, 1rem);}.kadence-column_da554a-38 > .kt-inside-inner-col{flex-direction:column;}.kadence-column_da554a-38 > .kt-inside-inner-col > .aligncenter{width:100%;}.kadence-column_da554a-38 > .kt-inside-inner-col:before{opacity:0.3;}.kadence-column_da554a-38{position:relative;}@media all and (max-width: 1024px){.kadence-column_da554a-38 > .kt-inside-inner-col{flex-direction:column;justify-content:center;}}@media all and (max-width: 767px){.kadence-column_da554a-38 > .kt-inside-inner-col{flex-direction:column;justify-content:center;}}<\/style>\n<div class=\"wp-block-kadence-column inner-column-1 kadence-column_da554a-38\"><div class=\"kt-inside-inner-col\">\n<p>Dans notre offre, vous trouverez \u00e9galement des paquets d\u2019enveloppes. Les formats d\u2019enveloppes standard et qui suscitent le plus d\u2019int\u00e9r\u00eat aupr\u00e8s des clients sont C-6, DL, C-5, emball\u00e9s d\u2019un film rigide ou polyol\u00e9fine, en paquets de 25 ou 50 pi\u00e8ces.&nbsp;<strong>Cependant, la quantit\u00e9, la taille et le type d\u2019enveloppes en paquets d\u00e9pendent uniquement de vos besoins et pr\u00e9f\u00e9rences.&nbsp;<\/strong>Les paquets peuvent \u00e9galement contenir une \u00e9tiquette informative, r\u00e9alis\u00e9e selon vos besoins par notre imprimerie.<\/p>\n\n\n\n<p>Les paquets d\u2019enveloppes sont vendus principalement dans la grande distribution et chez les grossistes papier. Le produit est destin\u00e9 aux clients de d\u00e9tail qui utilisent une petite quantit\u00e9 d\u2019enveloppes et ne veulent pas acheter de plus grandes quantit\u00e9s pour des raisons logistiques, car le long stockage de produits cr\u00e9e un risque de dommages, de salissure ou de perte de propri\u00e9t\u00e9s.<\/p>\n<\/div><\/div>\n\n\n<style>.kadence-column_e71493-12 > .kt-inside-inner-col{border-top-width:0px;border-right-width:0px;border-bottom-width:0px;border-left-width:0px;}.kadence-column_e71493-12 > .kt-inside-inner-col,.kadence-column_e71493-12 > .kt-inside-inner-col:before{border-top-left-radius:0px;border-top-right-radius:0px;border-bottom-right-radius:0px;border-bottom-left-radius:0px;}.kadence-column_e71493-12 > .kt-inside-inner-col{column-gap:var(--global-kb-gap-sm, 1rem);}.kadence-column_e71493-12 > .kt-inside-inner-col{flex-direction:column;}.kadence-column_e71493-12 > .kt-inside-inner-col > .aligncenter{width:100%;}.kadence-column_e71493-12 > .kt-inside-inner-col:before{opacity:0.3;}.kadence-column_e71493-12{position:relative;}@media all and (max-width: 1024px){.kadence-column_e71493-12 > .kt-inside-inner-col{flex-direction:column;justify-content:center;}}@media all and (max-width: 767px){.kadence-column_e71493-12 > .kt-inside-inner-col{flex-direction:column;justify-content:center;}}<\/style>\n<div class=\"wp-block-kadence-column inner-column-2 kadence-column_e71493-12\"><div class=\"kt-inside-inner-col\">\n<figure class=\"wp-block-image size-full\"><img loading=\"lazy\" decoding=\"async\" width=\"800\" height=\"533\" src=\"https:\/\/wzeurocopert.pl\/wp-content\/uploads\/2021\/11\/pakiet2.jpg\" alt=\"\" class=\"wp-image-3023\" srcset=\"https:\/\/wzeurocopert.pl\/wp-content\/uploads\/2021\/11\/pakiet2.jpg 800w, https:\/\/wzeurocopert.pl\/wp-content\/uploads\/2021\/11\/pakiet2-300x200.jpg 300w, https:\/\/wzeurocopert.pl\/wp-content\/uploads\/2021\/11\/pakiet2-768x512.jpg 768w\" sizes=\"auto, (max-width: 800px) 100vw, 800px\" \/><\/figure>\n<\/div><\/div>\n\n\n<style>.kadence-column_becdb4-e9 > .kt-inside-inner-col{border-top-width:0px;border-right-width:0px;border-bottom-width:0px;border-left-width:0px;}.kadence-column_becdb4-e9 > .kt-inside-inner-col,.kadence-column_becdb4-e9 > .kt-inside-inner-col:before{border-top-left-radius:0px;border-top-right-radius:0px;border-bottom-right-radius:0px;border-bottom-left-radius:0px;}.kadence-column_becdb4-e9 > .kt-inside-inner-col{column-gap:var(--global-kb-gap-sm, 1rem);}.kadence-column_becdb4-e9 > .kt-inside-inner-col{flex-direction:column;}.kadence-column_becdb4-e9 > .kt-inside-inner-col > .aligncenter{width:100%;}.kadence-column_becdb4-e9 > .kt-inside-inner-col:before{opacity:0.3;}.kadence-column_becdb4-e9{position:relative;}@media all and (max-width: 1024px){.kadence-column_becdb4-e9 > .kt-inside-inner-col{flex-direction:column;justify-content:center;}}@media all and (max-width: 767px){.kadence-column_becdb4-e9 > .kt-inside-inner-col{flex-direction:column;justify-content:center;}}<\/style>\n<div class=\"wp-block-kadence-column inner-column-3 kadence-column_becdb4-e9\"><div class=\"kt-inside-inner-col\">\n<figure class=\"wp-block-image size-full\"><img loading=\"lazy\" decoding=\"async\" width=\"800\" height=\"533\" src=\"https:\/\/wzeurocopert.pl\/wp-content\/uploads\/2021\/11\/pakiet1.jpg\" alt=\"\" class=\"wp-image-3028\" srcset=\"https:\/\/wzeurocopert.pl\/wp-content\/uploads\/2021\/11\/pakiet1.jpg 800w, https:\/\/wzeurocopert.pl\/wp-content\/uploads\/2021\/11\/pakiet1-300x200.jpg 300w, https:\/\/wzeurocopert.pl\/wp-content\/uploads\/2021\/11\/pakiet1-768x512.jpg 768w\" sizes=\"auto, (max-width: 800px) 100vw, 800px\" \/><\/figure>\n<\/div><\/div>\n<\/div><\/div><\/div>\n\n\n<style>.wp-block-kadence-spacer.kt-block-spacer-_7520ab-9d .kt-block-spacer{height:60px;}.wp-block-kadence-spacer.kt-block-spacer-_7520ab-9d .kt-divider{border-top-width:1px;height:1px;border-top-color:#eee;width:80%;border-top-style:solid;}<\/style>\n<div class=\"wp-block-kadence-spacer aligncenter kt-block-spacer-_7520ab-9d\"><div class=\"kt-block-spacer kt-block-spacer-halign-center\" style=\"height:60px\"><hr class=\"kt-divider\" style=\"border-top-color:#eee;border-top-width:1px;width:80%;border-top-style:solid\"\/><\/div><\/div>\n\n\n\n<p><\/p>\n","protected":false},"excerpt":{"rendered":"<p>Enveloppes en paquets Dans notre offre, vous trouverez \u00e9galement des paquets d\u2019enveloppes. Les formats d\u2019enveloppes standard et qui suscitent le plus d\u2019int\u00e9r\u00eat aupr\u00e8s des clients sont C-6, DL, C-5, emball\u00e9s d\u2019un film rigide ou polyol\u00e9fine, en paquets de 25 ou 50 pi\u00e8ces.&nbsp;Cependant, la quantit\u00e9, la taille et le type d\u2019enveloppes en paquets d\u00e9pendent uniquement de&#8230;<\/p>\n","protected":false},"author":1,"featured_media":0,"parent":3396,"menu_order":0,"comment_status":"closed","ping_status":"closed","template":"","meta":{"_kad_blocks_custom_css":"","_kad_blocks_head_custom_js":"","_kad_blocks_body_custom_js":"","_kad_blocks_footer_custom_js":"","_kadence_starter_templates_imported_post":false,"_kad_post_transparent":"","_kad_post_title":"","_kad_post_layout":"","_kad_post_sidebar_id":"","_kad_post_content_style":"","_kad_post_vertical_padding":"","_kad_post_feature":"","_kad_post_feature_position":"","_kad_post_header":false,"_kad_post_footer":false,"footnotes":""},"class_list":["post-3533","page","type-page","status-publish","hentry"],"taxonomy_info":[],"featured_image_src_large":false,"author_info":{"display_name":"wzrootwzeurocopertpl","author_link":"https:\/\/wzeurocopert.pl\/fr\/author\/wzrootwzeurocopertpl\/"},"comment_info":0,"_links":{"self":[{"href":"https:\/\/wzeurocopert.pl\/fr\/wp-json\/wp\/v2\/pages\/3533","targetHints":{"allow":["GET"]}}],"collection":[{"href":"https:\/\/wzeurocopert.pl\/fr\/wp-json\/wp\/v2\/pages"}],"about":[{"href":"https:\/\/wzeurocopert.pl\/fr\/wp-json\/wp\/v2\/types\/page"}],"author":[{"embeddable":true,"href":"https:\/\/wzeurocopert.pl\/fr\/wp-json\/wp\/v2\/users\/1"}],"replies":[{"embeddable":true,"href":"https:\/\/wzeurocopert.pl\/fr\/wp-json\/wp\/v2\/comments?post=3533"}],"version-history":[{"count":0,"href":"https:\/\/wzeurocopert.pl\/fr\/wp-json\/wp\/v2\/pages\/3533\/revisions"}],"up":[{"embeddable":true,"href":"https:\/\/wzeurocopert.pl\/fr\/wp-json\/wp\/v2\/pages\/3396"}],"wp:attachment":[{"href":"https:\/\/wzeurocopert.pl\/fr\/wp-json\/wp\/v2\/media?parent=3533"}],"curies":[{"name":"wp","href":"https:\/\/api.w.org\/{rel}","templated":true}]}}