{"id":3450,"date":"2021-11-04T16:29:44","date_gmt":"2021-11-04T15:29:44","guid":{"rendered":"https:\/\/wzeurocopert.pl\/oferta\/koperty-z-nadrukiem\/"},"modified":"2021-11-17T21:14:08","modified_gmt":"2021-11-17T20:14:08","slug":"enveloppes-avec-surimpression","status":"publish","type":"page","link":"https:\/\/wzeurocopert.pl\/fr\/offre\/enveloppes-avec-surimpression\/","title":{"rendered":"Enveloppes avec surimpression"},"content":{"rendered":"<style>#kt-layout-id_19d48e-3a{margin-top:0px;margin-bottom:90px;}#kt-layout-id_19d48e-3a > .kt-row-column-wrap{align-content:start;}:where(#kt-layout-id_19d48e-3a > .kt-row-column-wrap) > .wp-block-kadence-column{justify-content:start;}#kt-layout-id_19d48e-3a > .kt-row-column-wrap{column-gap:var(--global-kb-gap-md, 2rem);row-gap:var(--global-kb-gap-md, 2rem);max-width:1140px;margin-left:auto;margin-right:auto;padding-top:var( --global-kb-row-default-top, 25px );padding-bottom:var( --global-kb-row-default-bottom, 25px );padding-top:0px;padding-bottom:0px;padding-left:0px;padding-right:0px;grid-template-columns:minmax(0, 1fr);}#kt-layout-id_19d48e-3a{background-image:url('https:\/\/wzeurocopert.pl\/wp-content\/uploads\/2021\/11\/IMG_3639.jpg');background-size:cover;background-position:51% 0%;background-attachment:fixed;background-repeat:no-repeat;}#kt-layout-id_19d48e-3a > .kt-row-layout-overlay{opacity:0.85;background-color:var(--global-palette3, #1A202C);}#kt-layout-id_19d48e-3a .kt-row-layout-bottom-sep{height:1px;}#kt-layout-id_19d48e-3a .kt-row-layout-bottom-sep svg{width:400%;}#kt-layout-id_19d48e-3a .kt-row-layout-bottom-sep svg{fill:var(--global-palette3, #1A202C)!important;}@media all and (max-width: 1024px), only screen and (min-device-width: 1024px) and (max-device-width: 1366px) and (-webkit-min-device-pixel-ratio: 2) and (hover: none){#kt-layout-id_19d48e-3a{background-attachment:scroll;}}@media all and (max-width: 1024px){#kt-layout-id_19d48e-3a{margin-bottom:0px;}}@media all and (max-width: 1024px){#kt-layout-id_19d48e-3a > .kt-row-column-wrap{padding-top:0px;padding-right:0px;padding-bottom:0px;padding-left:0px;grid-template-columns:minmax(0, 1fr);}}@media all and (max-width: 1024px){#kt-layout-id_19d48e-3a .kt-row-layout-bottom-sep{height:px;}}@media all and (max-width: 1024px){#kt-layout-id_19d48e-3a .kt-row-layout-bottom-sep svg{width:%;}}@media all and (max-width: 767px){#kt-layout-id_19d48e-3a{margin-bottom:0px;}#kt-layout-id_19d48e-3a > .kt-row-column-wrap{padding-top:150px;padding-bottom:0px;padding-left:0px;padding-right:0px;grid-template-columns:minmax(0, 1fr);}#kt-layout-id_19d48e-3a .kt-row-layout-bottom-sep{height:px;}#kt-layout-id_19d48e-3a .kt-row-layout-bottom-sep svg{width:%;}}<\/style>\n<div class=\"wp-block-kadence-rowlayout alignnone\"><div id=\"kt-layout-id_19d48e-3a\" class=\"kt-row-layout-inner kt-row-has-bg kt-layout-id_19d48e-3a kt-jarallax\"><div class=\"kt-row-layout-overlay kt-row-overlay-normal\"><\/div><div class=\"kt-row-column-wrap kt-has-1-columns kt-gutter-default kt-v-gutter-default kt-row-valign-top kt-row-layout-equal kt-tab-layout-inherit kt-m-colapse-left-to-right kt-mobile-layout-row\"><style>.kadence-column_4be030-a4 > .kt-inside-inner-col{padding-top:300px;padding-bottom:90px;padding-left:10px;padding-right:10px;}.kadence-column_4be030-a4 > .kt-inside-inner-col{border-top-width:0px;border-right-width:0px;border-bottom-width:0px;border-left-width:0px;}.kadence-column_4be030-a4 > .kt-inside-inner-col,.kadence-column_4be030-a4 > .kt-inside-inner-col:before{border-top-left-radius:0px;border-top-right-radius:0px;border-bottom-right-radius:0px;border-bottom-left-radius:0px;}.kadence-column_4be030-a4 > .kt-inside-inner-col{column-gap:var(--global-kb-gap-sm, 1rem);}.kadence-column_4be030-a4 > .kt-inside-inner-col{flex-direction:column;}.kadence-column_4be030-a4 > .kt-inside-inner-col > .aligncenter{width:100%;}.kadence-column_4be030-a4 > .kt-inside-inner-col{background-image:url('https:\/\/wzeurocopert.pl\/wp-content\/uploads\/2021\/11\/liscie-png.png');background-size:auto;background-position:100% 0%;background-attachment:scroll;background-repeat:no-repeat;}.kadence-column_4be030-a4 > .kt-inside-inner-col:before{opacity:0.3;}.kadence-column_4be030-a4{position:relative;}.wp-block-kadence-column.kadence-column_4be030-a4 > .kt-inside-inner-col{margin-top:-30px;margin-bottom:0px;margin-right:0px;margin-left:0px;}@media all and (max-width: 1024px){.kadence-column_4be030-a4 > .kt-inside-inner-col{padding-top:90px;padding-bottom:30px;padding-left:30px;padding-right:30px;flex-direction:column;justify-content:center;}}@media all and (max-width: 767px){.kadence-column_4be030-a4 > .kt-inside-inner-col{padding-top:60px;padding-bottom:20px;padding-left:30px;padding-right:20px;flex-direction:column;justify-content:center;}.wp-block-kadence-column.kadence-column_4be030-a4 > .kt-inside-inner-col{margin-top:0px;margin-bottom:0px;margin-right:0px;margin-left:0px;}}<\/style>\n<div class=\"wp-block-kadence-column inner-column-1 kadence-column_4be030-a4\"><div class=\"kt-inside-inner-col\"><style>.wp-block-kadence-advancedheading.kt-adv-heading_7191da-b2, .wp-block-kadence-advancedheading.kt-adv-heading_7191da-b2[data-kb-block=\"kb-adv-heading_7191da-b2\"]{margin-top:0px;margin-right:0px;margin-bottom:0px;margin-left:0px;padding-top:0px;padding-right:0px;padding-bottom:0px;padding-left:0px;font-size:70px;font-weight:normal;font-style:normal;}.wp-block-kadence-advancedheading.kt-adv-heading_7191da-b2 mark.kt-highlight, .wp-block-kadence-advancedheading.kt-adv-heading_7191da-b2[data-kb-block=\"kb-adv-heading_7191da-b2\"] mark.kt-highlight{font-weight:normal;font-style:normal;color:#f76a0c;-webkit-box-decoration-break:clone;box-decoration-break:clone;padding-top:0px;padding-right:0px;padding-bottom:0px;padding-left:0px;}.wp-block-kadence-advancedheading.kt-adv-heading_7191da-b2 img.kb-inline-image, .wp-block-kadence-advancedheading.kt-adv-heading_7191da-b2[data-kb-block=\"kb-adv-heading_7191da-b2\"] img.kb-inline-image{width:150px;vertical-align:baseline;}@media all and (max-width: 1024px){.wp-block-kadence-advancedheading.kt-adv-heading_7191da-b2, .wp-block-kadence-advancedheading.kt-adv-heading_7191da-b2[data-kb-block=\"kb-adv-heading_7191da-b2\"]{margin-bottom:-5px;font-size:60px;}}@media all and (max-width: 767px){.wp-block-kadence-advancedheading.kt-adv-heading_7191da-b2, .wp-block-kadence-advancedheading.kt-adv-heading_7191da-b2[data-kb-block=\"kb-adv-heading_7191da-b2\"]{padding-top:0px;padding-right:0px;padding-bottom:0px;padding-left:0px;margin-top:0px;margin-right:0px;margin-bottom:20px;margin-left:0px;font-size:40px;}}<\/style>\n<h1 class=\"kt-adv-heading_7191da-b2 wp-block-kadence-advancedheading has-theme-palette-9-color has-text-color\" data-kb-block=\"kb-adv-heading_7191da-b2\">Enveloppes avec surimpression<\/h1>\n\n\n\n<p><\/p>\n<\/div><\/div>\n<\/div><\/div><\/div>\n\n\n<style>#kt-layout-id_e1dbea-24 > .kt-row-column-wrap{align-content:center;}:where(#kt-layout-id_e1dbea-24 > .kt-row-column-wrap) > .wp-block-kadence-column{justify-content:center;}#kt-layout-id_e1dbea-24 > .kt-row-column-wrap{column-gap:var(--global-kb-gap-md, 2rem);row-gap:var(--global-kb-gap-md, 2rem);max-width:1174px;margin-left:auto;margin-right:auto;padding-top:var( --global-kb-row-default-top, 25px );padding-bottom:var( --global-kb-row-default-bottom, 25px );padding-top:var(--global-kb-spacing-sm, 1.5rem);padding-bottom:var(--global-kb-spacing-sm, 1.5rem);}#kt-layout-id_e1dbea-24 > .kt-row-column-wrap > div:not(.added-for-specificity){grid-column:initial;}#kt-layout-id_e1dbea-24 > .kt-row-column-wrap{grid-template-columns:minmax(0, 2fr) minmax(0, 1fr) minmax(0, 1fr);}#kt-layout-id_e1dbea-24 > .kt-row-layout-overlay{opacity:0.30;}@media all and (max-width: 1024px){#kt-layout-id_e1dbea-24 > .kt-row-column-wrap > div:not(.added-for-specificity){grid-column:initial;}}@media all and (max-width: 1024px){#kt-layout-id_e1dbea-24 > .kt-row-column-wrap{grid-template-columns:minmax(0, 2fr) minmax(0, 1fr) minmax(0, 1fr);}}@media all and (max-width: 767px){#kt-layout-id_e1dbea-24 > .kt-row-column-wrap > div:not(.added-for-specificity){grid-column:initial;}#kt-layout-id_e1dbea-24 > .kt-row-column-wrap{grid-template-columns:minmax(0, 1fr);}}<\/style>\n<div class=\"wp-block-kadence-rowlayout alignnone\"><div id=\"kt-layout-id_e1dbea-24\" class=\"kt-row-layout-inner kt-layout-id_e1dbea-24\"><div class=\"kt-row-column-wrap kt-has-3-columns kt-gutter-default kt-v-gutter-default kt-row-valign-middle kt-row-layout-left-half kt-tab-layout-inherit kt-m-colapse-left-to-right kt-mobile-layout-row\"><style>.kadence-column_2a3f21-ee > .kt-inside-inner-col{border-top-width:0px;border-right-width:0px;border-bottom-width:0px;border-left-width:0px;}.kadence-column_2a3f21-ee > .kt-inside-inner-col,.kadence-column_2a3f21-ee > .kt-inside-inner-col:before{border-top-left-radius:0px;border-top-right-radius:0px;border-bottom-right-radius:0px;border-bottom-left-radius:0px;}.kadence-column_2a3f21-ee > .kt-inside-inner-col{column-gap:var(--global-kb-gap-sm, 1rem);}.kadence-column_2a3f21-ee > .kt-inside-inner-col{flex-direction:column;}.kadence-column_2a3f21-ee > .kt-inside-inner-col > .aligncenter{width:100%;}.kadence-column_2a3f21-ee > .kt-inside-inner-col:before{opacity:0.3;}.kadence-column_2a3f21-ee{position:relative;}@media all and (max-width: 1024px){.kadence-column_2a3f21-ee > .kt-inside-inner-col{flex-direction:column;justify-content:center;}}@media all and (max-width: 767px){.kadence-column_2a3f21-ee > .kt-inside-inner-col{flex-direction:column;justify-content:center;}}<\/style>\n<div class=\"wp-block-kadence-column inner-column-1 kadence-column_2a3f21-ee\"><div class=\"kt-inside-inner-col\">\n<p>Ces enveloppes sont un excellent outil pour les activit\u00e9s promotionnelles de l\u2019entreprise. \u00c0 l\u2019\u00e8re du num\u00e9rique, elles deviennent un \u00e9l\u00e9ment presque unique de communication avec le client.<br><strong><strong>Nous offrons la gamme compl\u00e8te d\u2019enveloppes avec surimpression en deux technologies : la flexographie et l\u2019impression offset.<\/strong><\/strong> La premi\u00e8re technologie offre un faible co\u00fbt, m\u00eame \u00e0 de tr\u00e8s haut volume, tandis que la deuxi\u00e8me garantit une excellente qualit\u00e9. Nous r\u00e9alisons des projets \u00e0 partir de 1000 pi\u00e8ces. Nous sommes ouverts \u00e0 de nouvelles solutions et innovations technologiques de sorte que nous sommes capables de r\u00e9pondre m\u00eame aux d\u00e9fis les plus difficiles. Nous disposons de machines \u00e0 imprimer adapt\u00e9es \u00e0 l\u2019impression sur les enveloppes, ainsi que de machines traditionnelles pour l\u2019impression sur des feuilles. Nous disposons \u00e9galement d\u2019un atelier pr\u00e9presse. Sur demande, nous pouvons r\u00e9aliser des enveloppes enti\u00e8rement surimprim\u00e9es \u2013 m\u00eame des deux c\u00f4t\u00e9s. Tous les mat\u00e9riaux sont v\u00e9rifi\u00e9s en termes d\u2019aptitude \u00e0 l\u2019emploi dans le processus de production. Si n\u00e9cessaire, en consultation avec le client, nous introduisons des changements afin d\u2019obtenir le meilleur r\u00e9sultat final.<\/p>\n<\/div><\/div>\n\n\n<style>.kadence-column_9f3938-3d > .kt-inside-inner-col{border-top-width:0px;border-right-width:0px;border-bottom-width:0px;border-left-width:0px;}.kadence-column_9f3938-3d > .kt-inside-inner-col,.kadence-column_9f3938-3d > .kt-inside-inner-col:before{border-top-left-radius:0px;border-top-right-radius:0px;border-bottom-right-radius:0px;border-bottom-left-radius:0px;}.kadence-column_9f3938-3d > .kt-inside-inner-col{column-gap:var(--global-kb-gap-sm, 1rem);}.kadence-column_9f3938-3d > .kt-inside-inner-col{flex-direction:column;}.kadence-column_9f3938-3d > .kt-inside-inner-col > .aligncenter{width:100%;}.kadence-column_9f3938-3d > .kt-inside-inner-col:before{opacity:0.3;}.kadence-column_9f3938-3d{position:relative;}@media all and (max-width: 1024px){.kadence-column_9f3938-3d > .kt-inside-inner-col{flex-direction:column;justify-content:center;}}@media all and (max-width: 767px){.kadence-column_9f3938-3d > .kt-inside-inner-col{flex-direction:column;justify-content:center;}}<\/style>\n<div class=\"wp-block-kadence-column inner-column-2 kadence-column_9f3938-3d\"><div class=\"kt-inside-inner-col\">\n<h3 class=\"wp-block-heading\">Surimpression en technologie offset<\/h3>\n\n\n\n<figure class=\"wp-block-image size-full\"><img loading=\"lazy\" decoding=\"async\" width=\"400\" height=\"300\" src=\"https:\/\/wzeurocopert.pl\/wp-content\/uploads\/2021\/11\/offset.jpg\" alt=\"\" class=\"wp-image-2818\" srcset=\"https:\/\/wzeurocopert.pl\/wp-content\/uploads\/2021\/11\/offset.jpg 400w, https:\/\/wzeurocopert.pl\/wp-content\/uploads\/2021\/11\/offset-300x225.jpg 300w\" sizes=\"auto, (max-width: 400px) 100vw, 400px\" \/><figcaption>Qualit\u00e9 en gamme compl\u00e8te de couleurs<\/figcaption><\/figure>\n<\/div><\/div>\n\n\n<style>.kadence-column_40c2be-99 > .kt-inside-inner-col{border-top-width:0px;border-right-width:0px;border-bottom-width:0px;border-left-width:0px;}.kadence-column_40c2be-99 > .kt-inside-inner-col,.kadence-column_40c2be-99 > .kt-inside-inner-col:before{border-top-left-radius:0px;border-top-right-radius:0px;border-bottom-right-radius:0px;border-bottom-left-radius:0px;}.kadence-column_40c2be-99 > .kt-inside-inner-col{column-gap:var(--global-kb-gap-sm, 1rem);}.kadence-column_40c2be-99 > .kt-inside-inner-col{flex-direction:column;}.kadence-column_40c2be-99 > .kt-inside-inner-col > .aligncenter{width:100%;}.kadence-column_40c2be-99 > .kt-inside-inner-col:before{opacity:0.3;}.kadence-column_40c2be-99{position:relative;}@media all and (max-width: 1024px){.kadence-column_40c2be-99 > .kt-inside-inner-col{flex-direction:column;justify-content:center;}}@media all and (max-width: 767px){.kadence-column_40c2be-99 > .kt-inside-inner-col{flex-direction:column;justify-content:center;}}<\/style>\n<div class=\"wp-block-kadence-column inner-column-3 kadence-column_40c2be-99\"><div class=\"kt-inside-inner-col\">\n<h3 class=\"wp-block-heading\">Surimpression en technologie flexographique<\/h3>\n\n\n\n<figure class=\"wp-block-image size-full\"><img loading=\"lazy\" decoding=\"async\" width=\"400\" height=\"300\" src=\"https:\/\/wzeurocopert.pl\/wp-content\/uploads\/2021\/11\/flexo.jpg\" alt=\"\" class=\"wp-image-2823\" srcset=\"https:\/\/wzeurocopert.pl\/wp-content\/uploads\/2021\/11\/flexo.jpg 400w, https:\/\/wzeurocopert.pl\/wp-content\/uploads\/2021\/11\/flexo-300x225.jpg 300w\" sizes=\"auto, (max-width: 400px) 100vw, 400px\" \/><figcaption>Vitesse \u00e0 petits prix<\/figcaption><\/figure>\n<\/div><\/div>\n<\/div><\/div><\/div>\n\n\n<style>.wp-block-kadence-spacer.kt-block-spacer-_3f03bf-5a .kt-block-spacer{height:60px;}.wp-block-kadence-spacer.kt-block-spacer-_3f03bf-5a .kt-divider{border-top-width:1px;height:1px;border-top-color:#eee;width:80%;border-top-style:solid;}<\/style>\n<div class=\"wp-block-kadence-spacer aligncenter kt-block-spacer-_3f03bf-5a\"><div class=\"kt-block-spacer kt-block-spacer-halign-center\" style=\"height:60px\"><hr class=\"kt-divider\" style=\"border-top-color:#eee;border-top-width:1px;width:80%;border-top-style:solid\"\/><\/div><\/div>\n","protected":false},"excerpt":{"rendered":"<p>Enveloppes avec surimpression Ces enveloppes sont un excellent outil pour les activit\u00e9s promotionnelles de l\u2019entreprise. \u00c0 l\u2019\u00e8re du num\u00e9rique, elles deviennent un \u00e9l\u00e9ment presque unique de communication avec le client.Nous offrons la gamme compl\u00e8te d\u2019enveloppes avec surimpression en deux technologies : la flexographie et l\u2019impression offset. La premi\u00e8re technologie offre un faible co\u00fbt, m\u00eame \u00e0&#8230;<\/p>\n","protected":false},"author":1,"featured_media":0,"parent":3396,"menu_order":0,"comment_status":"closed","ping_status":"closed","template":"","meta":{"_kad_blocks_custom_css":"","_kad_blocks_head_custom_js":"","_kad_blocks_body_custom_js":"","_kad_blocks_footer_custom_js":"","_kadence_starter_templates_imported_post":false,"_kad_post_transparent":"","_kad_post_title":"","_kad_post_layout":"","_kad_post_sidebar_id":"","_kad_post_content_style":"","_kad_post_vertical_padding":"","_kad_post_feature":"","_kad_post_feature_position":"","_kad_post_header":false,"_kad_post_footer":false,"footnotes":""},"class_list":["post-3450","page","type-page","status-publish","hentry"],"taxonomy_info":[],"featured_image_src_large":false,"author_info":{"display_name":"wzrootwzeurocopertpl","author_link":"https:\/\/wzeurocopert.pl\/fr\/author\/wzrootwzeurocopertpl\/"},"comment_info":0,"_links":{"self":[{"href":"https:\/\/wzeurocopert.pl\/fr\/wp-json\/wp\/v2\/pages\/3450","targetHints":{"allow":["GET"]}}],"collection":[{"href":"https:\/\/wzeurocopert.pl\/fr\/wp-json\/wp\/v2\/pages"}],"about":[{"href":"https:\/\/wzeurocopert.pl\/fr\/wp-json\/wp\/v2\/types\/page"}],"author":[{"embeddable":true,"href":"https:\/\/wzeurocopert.pl\/fr\/wp-json\/wp\/v2\/users\/1"}],"replies":[{"embeddable":true,"href":"https:\/\/wzeurocopert.pl\/fr\/wp-json\/wp\/v2\/comments?post=3450"}],"version-history":[{"count":0,"href":"https:\/\/wzeurocopert.pl\/fr\/wp-json\/wp\/v2\/pages\/3450\/revisions"}],"up":[{"embeddable":true,"href":"https:\/\/wzeurocopert.pl\/fr\/wp-json\/wp\/v2\/pages\/3396"}],"wp:attachment":[{"href":"https:\/\/wzeurocopert.pl\/fr\/wp-json\/wp\/v2\/media?parent=3450"}],"curies":[{"name":"wp","href":"https:\/\/api.w.org\/{rel}","templated":true}]}}