{"id":3668,"date":"2021-11-15T09:26:40","date_gmt":"2021-11-15T08:26:40","guid":{"rendered":"https:\/\/wzeurocopert.pl\/koperty-bezpieczne-i-depozytowe\/"},"modified":"2021-11-17T20:34:49","modified_gmt":"2021-11-17T19:34:49","slug":"sicherheitsversand-und-lagertaschen","status":"publish","type":"page","link":"https:\/\/wzeurocopert.pl\/de\/angebot\/sicherheitsversand-und-lagertaschen\/","title":{"rendered":"Sicherheitsversand- und -lagertaschen"},"content":{"rendered":"<style>#kt-layout-id_146612-f4{margin-top:0px;margin-bottom:90px;}#kt-layout-id_146612-f4 > .kt-row-column-wrap{align-content:start;}:where(#kt-layout-id_146612-f4 > .kt-row-column-wrap) > .wp-block-kadence-column{justify-content:start;}#kt-layout-id_146612-f4 > .kt-row-column-wrap{column-gap:var(--global-kb-gap-md, 2rem);row-gap:var(--global-kb-gap-md, 2rem);max-width:1140px;margin-left:auto;margin-right:auto;padding-top:var( --global-kb-row-default-top, 25px );padding-bottom:var( --global-kb-row-default-bottom, 25px );padding-top:0px;padding-bottom:0px;padding-left:0px;padding-right:0px;grid-template-columns:minmax(0, 1fr);}#kt-layout-id_146612-f4{background-image:url('https:\/\/wzeurocopert.pl\/wp-content\/uploads\/2021\/11\/IMG_3639.jpg');background-size:cover;background-position:51% 0%;background-attachment:fixed;background-repeat:no-repeat;}#kt-layout-id_146612-f4 > .kt-row-layout-overlay{opacity:0.85;background-color:var(--global-palette3, #1A202C);}#kt-layout-id_146612-f4 .kt-row-layout-bottom-sep{height:1px;}#kt-layout-id_146612-f4 .kt-row-layout-bottom-sep svg{width:400%;}#kt-layout-id_146612-f4 .kt-row-layout-bottom-sep svg{fill:var(--global-palette3, #1A202C)!important;}@media all and (max-width: 1024px), only screen and (min-device-width: 1024px) and (max-device-width: 1366px) and (-webkit-min-device-pixel-ratio: 2) and (hover: none){#kt-layout-id_146612-f4{background-attachment:scroll;}}@media all and (max-width: 1024px){#kt-layout-id_146612-f4{margin-bottom:0px;}}@media all and (max-width: 1024px){#kt-layout-id_146612-f4 > .kt-row-column-wrap{padding-top:0px;padding-right:0px;padding-bottom:0px;padding-left:0px;grid-template-columns:minmax(0, 1fr);}}@media all and (max-width: 1024px){#kt-layout-id_146612-f4 .kt-row-layout-bottom-sep{height:px;}}@media all and (max-width: 1024px){#kt-layout-id_146612-f4 .kt-row-layout-bottom-sep svg{width:%;}}@media all and (max-width: 767px){#kt-layout-id_146612-f4{margin-bottom:0px;}#kt-layout-id_146612-f4 > .kt-row-column-wrap{padding-top:150px;padding-bottom:0px;padding-left:0px;padding-right:0px;grid-template-columns:minmax(0, 1fr);}#kt-layout-id_146612-f4 .kt-row-layout-bottom-sep{height:px;}#kt-layout-id_146612-f4 .kt-row-layout-bottom-sep svg{width:%;}}<\/style>\n<div class=\"wp-block-kadence-rowlayout alignnone\"><div id=\"kt-layout-id_146612-f4\" class=\"kt-row-layout-inner kt-row-has-bg kt-layout-id_146612-f4 kt-jarallax\"><div class=\"kt-row-layout-overlay kt-row-overlay-normal\"><\/div><div class=\"kt-row-column-wrap kt-has-1-columns kt-gutter-default kt-v-gutter-default kt-row-valign-top kt-row-layout-equal kt-tab-layout-inherit kt-m-colapse-left-to-right kt-mobile-layout-row\"><style>.kadence-column_c859a6-6d > .kt-inside-inner-col{padding-top:300px;padding-bottom:90px;padding-left:10px;padding-right:10px;}.kadence-column_c859a6-6d > .kt-inside-inner-col{border-top-width:0px;border-right-width:0px;border-bottom-width:0px;border-left-width:0px;}.kadence-column_c859a6-6d > .kt-inside-inner-col,.kadence-column_c859a6-6d > .kt-inside-inner-col:before{border-top-left-radius:0px;border-top-right-radius:0px;border-bottom-right-radius:0px;border-bottom-left-radius:0px;}.kadence-column_c859a6-6d > .kt-inside-inner-col{column-gap:var(--global-kb-gap-sm, 1rem);}.kadence-column_c859a6-6d > .kt-inside-inner-col{flex-direction:column;}.kadence-column_c859a6-6d > .kt-inside-inner-col > .aligncenter{width:100%;}.kadence-column_c859a6-6d > .kt-inside-inner-col{background-image:url('https:\/\/wzeurocopert.pl\/wp-content\/uploads\/2021\/11\/liscie-png.png');background-size:auto;background-position:100% 0%;background-attachment:scroll;background-repeat:no-repeat;}.kadence-column_c859a6-6d > .kt-inside-inner-col:before{opacity:0.3;}.kadence-column_c859a6-6d{position:relative;}.wp-block-kadence-column.kadence-column_c859a6-6d > .kt-inside-inner-col{margin-top:-30px;margin-bottom:0px;margin-right:0px;margin-left:0px;}@media all and (max-width: 1024px){.kadence-column_c859a6-6d > .kt-inside-inner-col{padding-top:90px;padding-bottom:30px;padding-left:30px;padding-right:30px;flex-direction:column;justify-content:center;}}@media all and (max-width: 767px){.kadence-column_c859a6-6d > .kt-inside-inner-col{padding-top:60px;padding-bottom:20px;padding-left:30px;padding-right:20px;flex-direction:column;justify-content:center;}.wp-block-kadence-column.kadence-column_c859a6-6d > .kt-inside-inner-col{margin-top:0px;margin-bottom:0px;margin-right:0px;margin-left:0px;}}<\/style>\n<div class=\"wp-block-kadence-column inner-column-1 kadence-column_c859a6-6d\"><div class=\"kt-inside-inner-col\"><style>.wp-block-kadence-advancedheading.kt-adv-heading_a8e934-da, .wp-block-kadence-advancedheading.kt-adv-heading_a8e934-da[data-kb-block=\"kb-adv-heading_a8e934-da\"]{margin-top:0px;margin-right:0px;margin-bottom:0px;margin-left:0px;padding-top:0px;padding-right:0px;padding-bottom:0px;padding-left:0px;font-size:70px;font-weight:normal;font-style:normal;}.wp-block-kadence-advancedheading.kt-adv-heading_a8e934-da mark.kt-highlight, .wp-block-kadence-advancedheading.kt-adv-heading_a8e934-da[data-kb-block=\"kb-adv-heading_a8e934-da\"] mark.kt-highlight{font-weight:normal;font-style:normal;color:#f76a0c;-webkit-box-decoration-break:clone;box-decoration-break:clone;padding-top:0px;padding-right:0px;padding-bottom:0px;padding-left:0px;}.wp-block-kadence-advancedheading.kt-adv-heading_a8e934-da img.kb-inline-image, .wp-block-kadence-advancedheading.kt-adv-heading_a8e934-da[data-kb-block=\"kb-adv-heading_a8e934-da\"] img.kb-inline-image{width:150px;vertical-align:baseline;}@media all and (max-width: 1024px){.wp-block-kadence-advancedheading.kt-adv-heading_a8e934-da, .wp-block-kadence-advancedheading.kt-adv-heading_a8e934-da[data-kb-block=\"kb-adv-heading_a8e934-da\"]{margin-bottom:-5px;font-size:60px;}}@media all and (max-width: 767px){.wp-block-kadence-advancedheading.kt-adv-heading_a8e934-da, .wp-block-kadence-advancedheading.kt-adv-heading_a8e934-da[data-kb-block=\"kb-adv-heading_a8e934-da\"]{padding-top:0px;padding-right:0px;padding-bottom:0px;padding-left:0px;margin-top:0px;margin-right:0px;margin-bottom:20px;margin-left:0px;font-size:40px;}}<\/style>\n<h1 class=\"kt-adv-heading_a8e934-da wp-block-kadence-advancedheading has-theme-palette-9-color has-text-color\" data-kb-block=\"kb-adv-heading_a8e934-da\">Sicherheitsversand- und -lagertaschen<\/h1>\n\n\n\n<p><\/p>\n<\/div><\/div>\n<\/div><\/div><\/div>\n\n\n<style>#kt-layout-id_e3e151-38 > .kt-row-column-wrap{align-content:start;}:where(#kt-layout-id_e3e151-38 > .kt-row-column-wrap) > .wp-block-kadence-column{justify-content:start;}#kt-layout-id_e3e151-38 > .kt-row-column-wrap{column-gap:var(--global-kb-gap-md, 2rem);row-gap:var(--global-kb-gap-md, 2rem);max-width:1170px;margin-left:auto;margin-right:auto;padding-top:var( --global-kb-row-default-top, 25px );padding-bottom:var( --global-kb-row-default-bottom, 25px );padding-top:var(--global-kb-spacing-sm, 1.5rem);padding-bottom:var(--global-kb-spacing-sm, 1.5rem);grid-template-columns:minmax(0, 1fr);}#kt-layout-id_e3e151-38 > .kt-row-layout-overlay{opacity:0.30;}@media all and (max-width: 1024px){#kt-layout-id_e3e151-38 > .kt-row-column-wrap{grid-template-columns:minmax(0, 1fr);}}@media all and (max-width: 767px){#kt-layout-id_e3e151-38 > .kt-row-column-wrap{grid-template-columns:minmax(0, 1fr);}}<\/style>\n<div class=\"wp-block-kadence-rowlayout alignnone\"><div id=\"kt-layout-id_e3e151-38\" class=\"kt-row-layout-inner kt-layout-id_e3e151-38\"><div class=\"kt-row-column-wrap kt-has-1-columns kt-gutter-default kt-v-gutter-default kt-row-valign-top kt-row-layout-equal kt-tab-layout-inherit kt-m-colapse-left-to-right kt-mobile-layout-row\"><style>.kadence-column_57b0ec-1d > .kt-inside-inner-col{border-top-width:0px;border-right-width:0px;border-bottom-width:0px;border-left-width:0px;}.kadence-column_57b0ec-1d > .kt-inside-inner-col,.kadence-column_57b0ec-1d > .kt-inside-inner-col:before{border-top-left-radius:0px;border-top-right-radius:0px;border-bottom-right-radius:0px;border-bottom-left-radius:0px;}.kadence-column_57b0ec-1d > .kt-inside-inner-col{column-gap:var(--global-kb-gap-sm, 1rem);}.kadence-column_57b0ec-1d > .kt-inside-inner-col{flex-direction:column;}.kadence-column_57b0ec-1d > .kt-inside-inner-col > .aligncenter{width:100%;}.kadence-column_57b0ec-1d > .kt-inside-inner-col:before{opacity:0.3;}.kadence-column_57b0ec-1d{position:relative;}@media all and (max-width: 1024px){.kadence-column_57b0ec-1d > .kt-inside-inner-col{flex-direction:column;justify-content:center;}}@media all and (max-width: 767px){.kadence-column_57b0ec-1d > .kt-inside-inner-col{flex-direction:column;justify-content:center;}}<\/style>\n<div class=\"wp-block-kadence-column inner-column-1 kadence-column_57b0ec-1d\"><div class=\"kt-inside-inner-col\">\n<p>Die Sicherheitsversand- und -lagertaschen werden aufgrund ihrer Eigenschaften zur Aufbewahrung und zum Transport von Wertsachen verwendet. Als eine der wichtigsten Komponenten, die die Sicherheit der Sendung gew\u00e4hrleisten, gilt der Spezialklebestreifen, der das \u00d6ffnen der Sicherheitsversand- und -lagertasche ohne Besch\u00e4digung der Tasche unm\u00f6glich macht. Ebenso wichtig sind die rei\u00dffesten und extrem best\u00e4ndigen Kanten. Eine weitere Barriere, in diesem Fall technischer, aber nicht physischer Natur, ist die individuelle Nummerierung der Sicherheitsversand- und -lagertaschen und ihrer Kontrollscheine. Alle vorstehenden Eigenschaften gew\u00e4hrleisten Sicherheit und Vertraulichkeit der in den Versandtaschen versendeten Daten.<\/p>\n\n\n\n<figure class=\"wp-block-table\"><table><tbody><tr><td><strong>Format<\/strong><\/td><td><strong>Gr\u00f6\u00dfe<\/strong><\/td><td><strong>Farbe\/Dicke (mm)<\/strong><\/td><td><strong>Anzahl\/Karton<\/strong><\/td><td><strong>Anzahl\/Palette<\/strong><\/td><\/tr><tr><td><strong>DepoSafe<\/strong><\/td><td><\/td><td><\/td><td><\/td><td><\/td><\/tr><tr><td>M5<\/td><td>160&#215;250<\/td><td>wei\u00df\/0,07<\/td><td>1000\/100<\/td><td>30000<\/td><\/tr><tr><td>B5<\/td><td>200&#215;255<\/td><td>wei\u00df\/0,07<\/td><td>1000\/100<\/td><td>25000<\/td><\/tr><tr><td>B5 mit Beilagetasche<\/td><td>200&#215;255<\/td><td>wei\u00df\/0,07<\/td><td>1000\/100<\/td><td>25000<\/td><\/tr><tr><td>B5<\/td><td>200&#215;255<\/td><td>transparent\/0,07<\/td><td>1000\/100<\/td><td>25000<\/td><\/tr><tr><td>B5 mit Beilagetasche<\/td><td>200&#215;255<\/td><td>transparent\/0,07<\/td><td>1000\/100<\/td><td>25000<\/td><\/tr><tr><td>B4<\/td><td>260&#215;365<\/td><td>wei\u00df\/0,07<\/td><td>1000\/100<\/td><td>14000<\/td><\/tr><tr><td>B4 mit Beilagetasche<\/td><td>260&#215;365<\/td><td>wei\u00df\/0,07<\/td><td>1000\/100<\/td><td>14000<\/td><\/tr><tr><td>B4<\/td><td>260&#215;365<\/td><td>transparent\/0,07<\/td><td>1000\/100<\/td><td>14000<\/td><\/tr><tr><td>B4 mit Beilagetasche<\/td><td>260&#215;365<\/td><td>transparent\/0,07<\/td><td>1000\/100<\/td><td>14000<\/td><\/tr><tr><td>C3<\/td><td>360&#215;465<\/td><td>wei\u00df\/0,08<\/td><td>1000\/100<\/td><td>10000<\/td><\/tr><tr><td>C3<\/td><td>360&#215;465<\/td><td>transparent\/0,08<\/td><td>1000\/100<\/td><td>10000<\/td><\/tr><tr><td>Tasche 9,3 kg<\/td><td>270&#215;380<\/td><td>transparent\/0,11<\/td><td>500\/50<\/td><td>8000<\/td><\/tr><tr><td>Tasche 15 kg<\/td><td>395&#215;510<\/td><td>transparent\/0,11<\/td><td>500\/50<\/td><td>6000<\/td><\/tr><tr><td><strong>DepoSack<\/strong><\/td><td><\/td><td><\/td><td><\/td><td><\/td><\/tr><tr><td>M5<\/td><td>160&#215;255<\/td><td>wei\u00df\/0,055<\/td><td>1000\/100<\/td><td>30000<\/td><\/tr><tr><td>M5<\/td><td>160&#215;255<\/td><td>transparent\/0,055<\/td><td>1000\/100<\/td><td>30000<\/td><\/tr><tr><td>B5<\/td><td>200&#215;260<\/td><td>wei\u00df\/0,06<\/td><td>1000\/100<\/td><td>30000<\/td><\/tr><tr><td>B5<\/td><td>200&#215;260<\/td><td>transparent\/0,06<\/td><td>1000\/100<\/td><td>30000<\/td><\/tr><tr><td>B4<\/td><td>260&#215;370<\/td><td>wei\u00df\/0,06<\/td><td>1000\/100<\/td><td>18000<\/td><\/tr><tr><td>B4<\/td><td>260&#215;370<\/td><td>transparent\/0,06<\/td><td>1000\/100<\/td><td>18000<\/td><\/tr><\/tbody><\/table><\/figure>\n<\/div><\/div>\n<\/div><\/div><\/div>\n","protected":false},"excerpt":{"rendered":"<p>Sicherheitsversand- und -lagertaschen Die Sicherheitsversand- und -lagertaschen werden aufgrund ihrer Eigenschaften zur Aufbewahrung und zum Transport von Wertsachen verwendet. Als eine der wichtigsten Komponenten, die die Sicherheit der Sendung gew\u00e4hrleisten, gilt der Spezialklebestreifen, der das \u00d6ffnen der Sicherheitsversand- und -lagertasche ohne Besch\u00e4digung der Tasche unm\u00f6glich macht. Ebenso wichtig sind die rei\u00dffesten und extrem best\u00e4ndigen Kanten&#8230;.<\/p>\n","protected":false},"author":1,"featured_media":0,"parent":3397,"menu_order":0,"comment_status":"closed","ping_status":"closed","template":"","meta":{"_kad_blocks_custom_css":"","_kad_blocks_head_custom_js":"","_kad_blocks_body_custom_js":"","_kad_blocks_footer_custom_js":"","_kadence_starter_templates_imported_post":false,"_kad_post_transparent":"","_kad_post_title":"","_kad_post_layout":"","_kad_post_sidebar_id":"","_kad_post_content_style":"","_kad_post_vertical_padding":"","_kad_post_feature":"","_kad_post_feature_position":"","_kad_post_header":false,"_kad_post_footer":false,"footnotes":""},"class_list":["post-3668","page","type-page","status-publish","hentry"],"taxonomy_info":[],"featured_image_src_large":false,"author_info":{"display_name":"wzrootwzeurocopertpl","author_link":"https:\/\/wzeurocopert.pl\/de\/author\/wzrootwzeurocopertpl\/"},"comment_info":0,"_links":{"self":[{"href":"https:\/\/wzeurocopert.pl\/de\/wp-json\/wp\/v2\/pages\/3668","targetHints":{"allow":["GET"]}}],"collection":[{"href":"https:\/\/wzeurocopert.pl\/de\/wp-json\/wp\/v2\/pages"}],"about":[{"href":"https:\/\/wzeurocopert.pl\/de\/wp-json\/wp\/v2\/types\/page"}],"author":[{"embeddable":true,"href":"https:\/\/wzeurocopert.pl\/de\/wp-json\/wp\/v2\/users\/1"}],"replies":[{"embeddable":true,"href":"https:\/\/wzeurocopert.pl\/de\/wp-json\/wp\/v2\/comments?post=3668"}],"version-history":[{"count":0,"href":"https:\/\/wzeurocopert.pl\/de\/wp-json\/wp\/v2\/pages\/3668\/revisions"}],"up":[{"embeddable":true,"href":"https:\/\/wzeurocopert.pl\/de\/wp-json\/wp\/v2\/pages\/3397"}],"wp:attachment":[{"href":"https:\/\/wzeurocopert.pl\/de\/wp-json\/wp\/v2\/media?parent=3668"}],"curies":[{"name":"wp","href":"https:\/\/api.w.org\/{rel}","templated":true}]}}