{"id":3640,"date":"2021-11-15T09:24:55","date_gmt":"2021-11-15T08:24:55","guid":{"rendered":"https:\/\/wzeurocopert.pl\/koperty-kurierskie\/"},"modified":"2021-11-17T20:55:31","modified_gmt":"2021-11-17T19:55:31","slug":"kurier-folienversandtaschen","status":"publish","type":"page","link":"https:\/\/wzeurocopert.pl\/de\/angebot\/kurier-folienversandtaschen\/","title":{"rendered":"Kurier-Folienversandtaschen"},"content":{"rendered":"<style>#kt-layout-id_837469-1f{margin-top:0px;margin-bottom:90px;}#kt-layout-id_837469-1f > .kt-row-column-wrap{align-content:start;}:where(#kt-layout-id_837469-1f > .kt-row-column-wrap) > .wp-block-kadence-column{justify-content:start;}#kt-layout-id_837469-1f > .kt-row-column-wrap{column-gap:var(--global-kb-gap-md, 2rem);row-gap:var(--global-kb-gap-md, 2rem);max-width:1140px;margin-left:auto;margin-right:auto;padding-top:var( --global-kb-row-default-top, 25px );padding-bottom:var( --global-kb-row-default-bottom, 25px );padding-top:0px;padding-bottom:0px;padding-left:0px;padding-right:0px;grid-template-columns:minmax(0, 1fr);}#kt-layout-id_837469-1f{background-image:url('https:\/\/wzeurocopert.pl\/wp-content\/uploads\/2021\/11\/IMG_3639.jpg');background-size:cover;background-position:51% 0%;background-attachment:fixed;background-repeat:no-repeat;}#kt-layout-id_837469-1f > .kt-row-layout-overlay{opacity:0.85;background-color:var(--global-palette3, #1A202C);}#kt-layout-id_837469-1f .kt-row-layout-bottom-sep{height:1px;}#kt-layout-id_837469-1f .kt-row-layout-bottom-sep svg{width:400%;}#kt-layout-id_837469-1f .kt-row-layout-bottom-sep svg{fill:var(--global-palette3, #1A202C)!important;}@media all and (max-width: 1024px), only screen and (min-device-width: 1024px) and (max-device-width: 1366px) and (-webkit-min-device-pixel-ratio: 2) and (hover: none){#kt-layout-id_837469-1f{background-attachment:scroll;}}@media all and (max-width: 1024px){#kt-layout-id_837469-1f{margin-bottom:0px;}}@media all and (max-width: 1024px){#kt-layout-id_837469-1f > .kt-row-column-wrap{padding-top:0px;padding-right:0px;padding-bottom:0px;padding-left:0px;grid-template-columns:minmax(0, 1fr);}}@media all and (max-width: 1024px){#kt-layout-id_837469-1f .kt-row-layout-bottom-sep{height:px;}}@media all and (max-width: 1024px){#kt-layout-id_837469-1f .kt-row-layout-bottom-sep svg{width:%;}}@media all and (max-width: 767px){#kt-layout-id_837469-1f{margin-bottom:0px;}#kt-layout-id_837469-1f > .kt-row-column-wrap{padding-top:150px;padding-bottom:0px;padding-left:0px;padding-right:0px;grid-template-columns:minmax(0, 1fr);}#kt-layout-id_837469-1f .kt-row-layout-bottom-sep{height:px;}#kt-layout-id_837469-1f .kt-row-layout-bottom-sep svg{width:%;}}<\/style>\n<div class=\"wp-block-kadence-rowlayout alignnone\"><div id=\"kt-layout-id_837469-1f\" class=\"kt-row-layout-inner kt-row-has-bg kt-layout-id_837469-1f kt-jarallax\"><div class=\"kt-row-layout-overlay kt-row-overlay-normal\"><\/div><div class=\"kt-row-column-wrap kt-has-1-columns kt-gutter-default kt-v-gutter-default kt-row-valign-top kt-row-layout-equal kt-tab-layout-inherit kt-m-colapse-left-to-right kt-mobile-layout-row\"><style>.kadence-column_9537c9-bd > .kt-inside-inner-col{padding-top:300px;padding-bottom:90px;padding-left:10px;padding-right:10px;}.kadence-column_9537c9-bd > .kt-inside-inner-col{border-top-width:0px;border-right-width:0px;border-bottom-width:0px;border-left-width:0px;}.kadence-column_9537c9-bd > .kt-inside-inner-col,.kadence-column_9537c9-bd > .kt-inside-inner-col:before{border-top-left-radius:0px;border-top-right-radius:0px;border-bottom-right-radius:0px;border-bottom-left-radius:0px;}.kadence-column_9537c9-bd > .kt-inside-inner-col{column-gap:var(--global-kb-gap-sm, 1rem);}.kadence-column_9537c9-bd > .kt-inside-inner-col{flex-direction:column;}.kadence-column_9537c9-bd > .kt-inside-inner-col > .aligncenter{width:100%;}.kadence-column_9537c9-bd > .kt-inside-inner-col{background-image:url('https:\/\/wzeurocopert.pl\/wp-content\/uploads\/2021\/11\/liscie-png.png');background-size:auto;background-position:100% 0%;background-attachment:scroll;background-repeat:no-repeat;}.kadence-column_9537c9-bd > .kt-inside-inner-col:before{opacity:0.3;}.kadence-column_9537c9-bd{position:relative;}.wp-block-kadence-column.kadence-column_9537c9-bd > .kt-inside-inner-col{margin-top:-30px;margin-bottom:0px;margin-right:0px;margin-left:0px;}@media all and (max-width: 1024px){.kadence-column_9537c9-bd > .kt-inside-inner-col{padding-top:90px;padding-bottom:30px;padding-left:30px;padding-right:30px;flex-direction:column;justify-content:center;}}@media all and (max-width: 767px){.kadence-column_9537c9-bd > .kt-inside-inner-col{padding-top:60px;padding-bottom:20px;padding-left:30px;padding-right:20px;flex-direction:column;justify-content:center;}.wp-block-kadence-column.kadence-column_9537c9-bd > .kt-inside-inner-col{margin-top:0px;margin-bottom:0px;margin-right:0px;margin-left:0px;}}<\/style>\n<div class=\"wp-block-kadence-column inner-column-1 kadence-column_9537c9-bd\"><div class=\"kt-inside-inner-col\"><style>.wp-block-kadence-advancedheading.kt-adv-heading_36cd9a-69, .wp-block-kadence-advancedheading.kt-adv-heading_36cd9a-69[data-kb-block=\"kb-adv-heading_36cd9a-69\"]{margin-top:0px;margin-right:0px;margin-bottom:0px;margin-left:0px;padding-top:0px;padding-right:0px;padding-bottom:0px;padding-left:0px;font-size:70px;font-weight:normal;font-style:normal;}.wp-block-kadence-advancedheading.kt-adv-heading_36cd9a-69 mark.kt-highlight, .wp-block-kadence-advancedheading.kt-adv-heading_36cd9a-69[data-kb-block=\"kb-adv-heading_36cd9a-69\"] mark.kt-highlight{font-weight:normal;font-style:normal;color:#f76a0c;-webkit-box-decoration-break:clone;box-decoration-break:clone;padding-top:0px;padding-right:0px;padding-bottom:0px;padding-left:0px;}.wp-block-kadence-advancedheading.kt-adv-heading_36cd9a-69 img.kb-inline-image, .wp-block-kadence-advancedheading.kt-adv-heading_36cd9a-69[data-kb-block=\"kb-adv-heading_36cd9a-69\"] img.kb-inline-image{width:150px;vertical-align:baseline;}@media all and (max-width: 1024px){.wp-block-kadence-advancedheading.kt-adv-heading_36cd9a-69, .wp-block-kadence-advancedheading.kt-adv-heading_36cd9a-69[data-kb-block=\"kb-adv-heading_36cd9a-69\"]{margin-bottom:-5px;font-size:60px;}}@media all and (max-width: 767px){.wp-block-kadence-advancedheading.kt-adv-heading_36cd9a-69, .wp-block-kadence-advancedheading.kt-adv-heading_36cd9a-69[data-kb-block=\"kb-adv-heading_36cd9a-69\"]{padding-top:0px;padding-right:0px;padding-bottom:0px;padding-left:0px;margin-top:0px;margin-right:0px;margin-bottom:20px;margin-left:0px;font-size:40px;}}<\/style>\n<h1 class=\"kt-adv-heading_36cd9a-69 wp-block-kadence-advancedheading has-theme-palette-9-color has-text-color\" data-kb-block=\"kb-adv-heading_36cd9a-69\">Kurier-Folienversandtaschen<\/h1>\n\n\n\n<p><\/p>\n<\/div><\/div>\n<\/div><\/div><\/div>\n\n\n<style>#kt-layout-id_c3d41a-e6 > .kt-row-column-wrap{align-content:start;}:where(#kt-layout-id_c3d41a-e6 > .kt-row-column-wrap) > .wp-block-kadence-column{justify-content:start;}#kt-layout-id_c3d41a-e6 > .kt-row-column-wrap{column-gap:var(--global-kb-gap-md, 2rem);row-gap:var(--global-kb-gap-md, 2rem);max-width:1170px;margin-left:auto;margin-right:auto;padding-top:var( --global-kb-row-default-top, 25px );padding-bottom:var( --global-kb-row-default-bottom, 25px );padding-top:var(--global-kb-spacing-sm, 1.5rem);padding-bottom:var(--global-kb-spacing-sm, 1.5rem);grid-template-columns:minmax(0, 1fr);}#kt-layout-id_c3d41a-e6 > .kt-row-layout-overlay{opacity:0.30;}@media all and (max-width: 1024px){#kt-layout-id_c3d41a-e6 > .kt-row-column-wrap{grid-template-columns:minmax(0, 1fr);}}@media all and (max-width: 767px){#kt-layout-id_c3d41a-e6 > .kt-row-column-wrap{grid-template-columns:minmax(0, 1fr);}}<\/style>\n<div class=\"wp-block-kadence-rowlayout alignnone\"><div id=\"kt-layout-id_c3d41a-e6\" class=\"kt-row-layout-inner kt-layout-id_c3d41a-e6\"><div class=\"kt-row-column-wrap kt-has-1-columns kt-gutter-default kt-v-gutter-default kt-row-valign-top kt-row-layout-equal kt-tab-layout-inherit kt-m-colapse-left-to-right kt-mobile-layout-row\"><style>.kadence-column_10c43b-52 > .kt-inside-inner-col{border-top-width:0px;border-right-width:0px;border-bottom-width:0px;border-left-width:0px;}.kadence-column_10c43b-52 > .kt-inside-inner-col,.kadence-column_10c43b-52 > .kt-inside-inner-col:before{border-top-left-radius:0px;border-top-right-radius:0px;border-bottom-right-radius:0px;border-bottom-left-radius:0px;}.kadence-column_10c43b-52 > .kt-inside-inner-col{column-gap:var(--global-kb-gap-sm, 1rem);}.kadence-column_10c43b-52 > .kt-inside-inner-col{flex-direction:column;}.kadence-column_10c43b-52 > .kt-inside-inner-col > .aligncenter{width:100%;}.kadence-column_10c43b-52 > .kt-inside-inner-col:before{opacity:0.3;}.kadence-column_10c43b-52{position:relative;}@media all and (max-width: 1024px){.kadence-column_10c43b-52 > .kt-inside-inner-col{flex-direction:column;justify-content:center;}}@media all and (max-width: 767px){.kadence-column_10c43b-52 > .kt-inside-inner-col{flex-direction:column;justify-content:center;}}<\/style>\n<div class=\"wp-block-kadence-column inner-column-1 kadence-column_10c43b-52\"><div class=\"kt-inside-inner-col\">\n<blockquote class=\"wp-block-quote is-layout-flow wp-block-quote-is-layout-flow\"><p>Kurier-Versandtaschen (plastische Beutel f\u00fcr Dokumentbeilage) die aus durchsichtiger Folie gefertigt sind, die nach dem Einsatz recyclingf\u00e4hig ist (Umweltzeichen).<\/p><\/blockquote>\n\n\n\n<p>Sind mit einem Selbstklebestreifen (HK) ausgestattet, der zum Schlie\u00dfen der Versandtasche dient. Auf der R\u00fcckseite der Versandtasche befindet sich eine extrem best\u00e4ndige Klebefl\u00e4che, dank der man sicher sein kann, dass die Sendung den Empf\u00e4nger erreicht, egal auf was f\u00fcr eine Fl\u00e4che der plastische Beutel f\u00fcr die Dokumentbeilage geklebt wird.<\/p>\n\n\n\n<p>Unsere Versandtaschen mit plastischem Beutel f\u00fcr Dokumentbeilage sind best\u00e4ndig gegen jede Witterungsbedingungen, sei es eine hohe oder niedrige Temperatur oder Luftfeuchtigkeit, wodurch die Dokumente in dem plastischen Beutel f\u00fcr Dokumentbeilage nicht besch\u00e4digt werden k\u00f6nnen. Es ist auch wichtig, dass dank solcher Vorteile wie Best\u00e4ndigkeit und hoher Transparenz der Folie Strichcodescanner keine Probleme beim Ablesen der Daten haben.<\/p>\n\n\n\n<p>Sie kommen am h\u00e4ufigsten bei allen Kuriersendungen in Bereichen zum Einsatz, bei denen Dokumente, Garantiescheine, Begleitpapiere, Rechnungen, Anleitungen etc. versendet werden. Aber auch beim firmeninternen Dokumentenumlauf werden sie verwendet.&nbsp;<\/p>\n\n\n\n<h2 class=\"wp-block-heading\">Verf\u00fcgbare Formate f\u00fcr Kurier-Versandtaschen:<\/h2>\n\n\n\n<figure class=\"wp-block-table\"><table><tbody><tr><td><strong>Format<\/strong><\/td><td><strong>Ma\u00dfe in mm<\/strong><\/td><td><strong>St\u00fcckzahl pro Verpackung<\/strong><\/td><td><strong>St\u00fcckzahl pro Palette<\/strong><\/td><\/tr><tr><td><strong>C6<\/strong><\/td><td>160 x 110<\/td><td>1.000<\/td><td>144.000<\/td><\/tr><tr><td><strong>DL<\/strong><\/td><td>220 x 110<\/td><td>1.000<\/td><td>96.000<\/td><\/tr><tr><td><strong>C5<\/strong><\/td><td>220 x 160<\/td><td>500 \/ 1.000<\/td><td>72.000<\/td><\/tr><tr><td><strong>C4<\/strong><\/td><td>310 x 230<\/td><td>500<\/td><td>36.000<\/td><\/tr><\/tbody><\/table><\/figure>\n<\/div><\/div>\n<\/div><\/div><\/div>\n","protected":false},"excerpt":{"rendered":"<p>Kurier-Folienversandtaschen Kurier-Versandtaschen (plastische Beutel f\u00fcr Dokumentbeilage) die aus durchsichtiger Folie gefertigt sind, die nach dem Einsatz recyclingf\u00e4hig ist (Umweltzeichen). Sind mit einem Selbstklebestreifen (HK) ausgestattet, der zum Schlie\u00dfen der Versandtasche dient. Auf der R\u00fcckseite der Versandtasche befindet sich eine extrem best\u00e4ndige Klebefl\u00e4che, dank der man sicher sein kann, dass die Sendung den Empf\u00e4nger erreicht, egal&#8230;<\/p>\n","protected":false},"author":1,"featured_media":0,"parent":3397,"menu_order":0,"comment_status":"closed","ping_status":"closed","template":"","meta":{"_kad_blocks_custom_css":"","_kad_blocks_head_custom_js":"","_kad_blocks_body_custom_js":"","_kad_blocks_footer_custom_js":"","_kadence_starter_templates_imported_post":false,"_kad_post_transparent":"","_kad_post_title":"","_kad_post_layout":"","_kad_post_sidebar_id":"","_kad_post_content_style":"","_kad_post_vertical_padding":"","_kad_post_feature":"","_kad_post_feature_position":"","_kad_post_header":false,"_kad_post_footer":false,"footnotes":""},"class_list":["post-3640","page","type-page","status-publish","hentry"],"taxonomy_info":[],"featured_image_src_large":false,"author_info":{"display_name":"wzrootwzeurocopertpl","author_link":"https:\/\/wzeurocopert.pl\/de\/author\/wzrootwzeurocopertpl\/"},"comment_info":0,"_links":{"self":[{"href":"https:\/\/wzeurocopert.pl\/de\/wp-json\/wp\/v2\/pages\/3640","targetHints":{"allow":["GET"]}}],"collection":[{"href":"https:\/\/wzeurocopert.pl\/de\/wp-json\/wp\/v2\/pages"}],"about":[{"href":"https:\/\/wzeurocopert.pl\/de\/wp-json\/wp\/v2\/types\/page"}],"author":[{"embeddable":true,"href":"https:\/\/wzeurocopert.pl\/de\/wp-json\/wp\/v2\/users\/1"}],"replies":[{"embeddable":true,"href":"https:\/\/wzeurocopert.pl\/de\/wp-json\/wp\/v2\/comments?post=3640"}],"version-history":[{"count":0,"href":"https:\/\/wzeurocopert.pl\/de\/wp-json\/wp\/v2\/pages\/3640\/revisions"}],"up":[{"embeddable":true,"href":"https:\/\/wzeurocopert.pl\/de\/wp-json\/wp\/v2\/pages\/3397"}],"wp:attachment":[{"href":"https:\/\/wzeurocopert.pl\/de\/wp-json\/wp\/v2\/media?parent=3640"}],"curies":[{"name":"wp","href":"https:\/\/api.w.org\/{rel}","templated":true}]}}