{"id":3408,"date":"2021-11-04T16:24:48","date_gmt":"2021-11-04T15:24:48","guid":{"rendered":"https:\/\/wzeurocopert.pl\/oferta\/koperty-do-automatycznego-pakowania\/"},"modified":"2021-11-17T20:40:49","modified_gmt":"2021-11-17T19:40:49","slug":"briefumschlage-zur-automatischen-kuvertierung","status":"publish","type":"page","link":"https:\/\/wzeurocopert.pl\/de\/angebot\/briefumschlage-zur-automatischen-kuvertierung\/","title":{"rendered":"Briefumschl\u00e4ge zur automatischen Kuvertierung"},"content":{"rendered":"<style>#kt-layout-id_a2b985-6d{margin-top:0px;margin-bottom:90px;}#kt-layout-id_a2b985-6d > .kt-row-column-wrap{align-content:start;}:where(#kt-layout-id_a2b985-6d > .kt-row-column-wrap) > .wp-block-kadence-column{justify-content:start;}#kt-layout-id_a2b985-6d > .kt-row-column-wrap{column-gap:var(--global-kb-gap-md, 2rem);row-gap:var(--global-kb-gap-md, 2rem);max-width:1140px;margin-left:auto;margin-right:auto;padding-top:var( --global-kb-row-default-top, 25px );padding-bottom:var( --global-kb-row-default-bottom, 25px );padding-top:0px;padding-bottom:0px;padding-left:0px;padding-right:0px;grid-template-columns:minmax(0, 1fr);}#kt-layout-id_a2b985-6d{background-image:url('https:\/\/wzeurocopert.pl\/wp-content\/uploads\/2021\/11\/IMG_3639.jpg');background-size:cover;background-position:51% 0%;background-attachment:fixed;background-repeat:no-repeat;}#kt-layout-id_a2b985-6d > .kt-row-layout-overlay{opacity:0.85;background-color:var(--global-palette3, #1A202C);}#kt-layout-id_a2b985-6d .kt-row-layout-bottom-sep{height:1px;}#kt-layout-id_a2b985-6d .kt-row-layout-bottom-sep svg{width:400%;}#kt-layout-id_a2b985-6d .kt-row-layout-bottom-sep svg{fill:var(--global-palette3, #1A202C)!important;}@media all and (max-width: 1024px), only screen and (min-device-width: 1024px) and (max-device-width: 1366px) and (-webkit-min-device-pixel-ratio: 2) and (hover: none){#kt-layout-id_a2b985-6d{background-attachment:scroll;}}@media all and (max-width: 1024px){#kt-layout-id_a2b985-6d{margin-bottom:0px;}}@media all and (max-width: 1024px){#kt-layout-id_a2b985-6d > .kt-row-column-wrap{padding-top:0px;padding-right:0px;padding-bottom:0px;padding-left:0px;grid-template-columns:minmax(0, 1fr);}}@media all and (max-width: 1024px){#kt-layout-id_a2b985-6d .kt-row-layout-bottom-sep{height:px;}}@media all and (max-width: 1024px){#kt-layout-id_a2b985-6d .kt-row-layout-bottom-sep svg{width:%;}}@media all and (max-width: 767px){#kt-layout-id_a2b985-6d{margin-bottom:0px;}#kt-layout-id_a2b985-6d > .kt-row-column-wrap{padding-top:150px;padding-bottom:0px;padding-left:0px;padding-right:0px;grid-template-columns:minmax(0, 1fr);}#kt-layout-id_a2b985-6d .kt-row-layout-bottom-sep{height:px;}#kt-layout-id_a2b985-6d .kt-row-layout-bottom-sep svg{width:%;}}<\/style>\n<div class=\"wp-block-kadence-rowlayout alignnone\"><div id=\"kt-layout-id_a2b985-6d\" class=\"kt-row-layout-inner kt-row-has-bg kt-layout-id_a2b985-6d kt-jarallax\"><div class=\"kt-row-layout-overlay kt-row-overlay-normal\"><\/div><div class=\"kt-row-column-wrap kt-has-1-columns kt-gutter-default kt-v-gutter-default kt-row-valign-top kt-row-layout-equal kt-tab-layout-inherit kt-m-colapse-left-to-right kt-mobile-layout-row\"><style>.kadence-column_de8ff0-68 > .kt-inside-inner-col{padding-top:300px;padding-bottom:90px;padding-left:10px;padding-right:10px;}.kadence-column_de8ff0-68 > .kt-inside-inner-col{border-top-width:0px;border-right-width:0px;border-bottom-width:0px;border-left-width:0px;}.kadence-column_de8ff0-68 > .kt-inside-inner-col,.kadence-column_de8ff0-68 > .kt-inside-inner-col:before{border-top-left-radius:0px;border-top-right-radius:0px;border-bottom-right-radius:0px;border-bottom-left-radius:0px;}.kadence-column_de8ff0-68 > .kt-inside-inner-col{column-gap:var(--global-kb-gap-sm, 1rem);}.kadence-column_de8ff0-68 > .kt-inside-inner-col{flex-direction:column;}.kadence-column_de8ff0-68 > .kt-inside-inner-col > .aligncenter{width:100%;}.kadence-column_de8ff0-68 > .kt-inside-inner-col{background-image:url('https:\/\/wzeurocopert.pl\/wp-content\/uploads\/2021\/11\/liscie-png.png');background-size:auto;background-position:100% 0%;background-attachment:scroll;background-repeat:no-repeat;}.kadence-column_de8ff0-68 > .kt-inside-inner-col:before{opacity:0.3;}.kadence-column_de8ff0-68{position:relative;}.wp-block-kadence-column.kadence-column_de8ff0-68 > .kt-inside-inner-col{margin-top:-30px;margin-bottom:0px;margin-right:0px;margin-left:0px;}@media all and (max-width: 1024px){.kadence-column_de8ff0-68 > .kt-inside-inner-col{padding-top:90px;padding-bottom:30px;padding-left:30px;padding-right:30px;flex-direction:column;justify-content:center;}}@media all and (max-width: 767px){.kadence-column_de8ff0-68 > .kt-inside-inner-col{padding-top:60px;padding-bottom:20px;padding-left:30px;padding-right:20px;flex-direction:column;justify-content:center;}.wp-block-kadence-column.kadence-column_de8ff0-68 > .kt-inside-inner-col{margin-top:0px;margin-bottom:0px;margin-right:0px;margin-left:0px;}}<\/style>\n<div class=\"wp-block-kadence-column inner-column-1 kadence-column_de8ff0-68\"><div class=\"kt-inside-inner-col\"><style>.wp-block-kadence-advancedheading.kt-adv-heading_b1590e-cd, .wp-block-kadence-advancedheading.kt-adv-heading_b1590e-cd[data-kb-block=\"kb-adv-heading_b1590e-cd\"]{margin-top:0px;margin-right:0px;margin-bottom:0px;margin-left:0px;padding-top:0px;padding-right:0px;padding-bottom:0px;padding-left:0px;font-size:70px;font-weight:normal;font-style:normal;}.wp-block-kadence-advancedheading.kt-adv-heading_b1590e-cd mark.kt-highlight, .wp-block-kadence-advancedheading.kt-adv-heading_b1590e-cd[data-kb-block=\"kb-adv-heading_b1590e-cd\"] mark.kt-highlight{font-weight:normal;font-style:normal;color:#f76a0c;-webkit-box-decoration-break:clone;box-decoration-break:clone;padding-top:0px;padding-right:0px;padding-bottom:0px;padding-left:0px;}.wp-block-kadence-advancedheading.kt-adv-heading_b1590e-cd img.kb-inline-image, .wp-block-kadence-advancedheading.kt-adv-heading_b1590e-cd[data-kb-block=\"kb-adv-heading_b1590e-cd\"] img.kb-inline-image{width:150px;vertical-align:baseline;}@media all and (max-width: 1024px){.wp-block-kadence-advancedheading.kt-adv-heading_b1590e-cd, .wp-block-kadence-advancedheading.kt-adv-heading_b1590e-cd[data-kb-block=\"kb-adv-heading_b1590e-cd\"]{margin-bottom:-5px;font-size:60px;}}@media all and (max-width: 767px){.wp-block-kadence-advancedheading.kt-adv-heading_b1590e-cd, .wp-block-kadence-advancedheading.kt-adv-heading_b1590e-cd[data-kb-block=\"kb-adv-heading_b1590e-cd\"]{padding-top:0px;padding-right:0px;padding-bottom:0px;padding-left:0px;margin-top:0px;margin-right:0px;margin-bottom:20px;margin-left:0px;font-size:40px;}}<\/style>\n<h1 class=\"kt-adv-heading_b1590e-cd wp-block-kadence-advancedheading has-theme-palette-9-color has-text-color\" data-kb-block=\"kb-adv-heading_b1590e-cd\">Briefumschl\u00e4ge zur automatischen Kuvertierung<\/h1>\n\n\n\n<p><\/p>\n<\/div><\/div>\n<\/div><\/div><\/div>\n\n\n<style>#kt-layout-id_b9a9d5-05 > .kt-row-column-wrap{align-content:start;}:where(#kt-layout-id_b9a9d5-05 > .kt-row-column-wrap) > .wp-block-kadence-column{justify-content:start;}#kt-layout-id_b9a9d5-05 > .kt-row-column-wrap{column-gap:var(--global-kb-gap-md, 2rem);row-gap:var(--global-kb-gap-md, 2rem);max-width:1174px;margin-left:auto;margin-right:auto;padding-top:var( --global-kb-row-default-top, 25px );padding-bottom:var( --global-kb-row-default-bottom, 25px );padding-top:26px;grid-template-columns:minmax(0, 2fr) minmax(0, 1fr) minmax(0, 1fr);}#kt-layout-id_b9a9d5-05 > .kt-row-layout-overlay{opacity:0.30;}@media all and (max-width: 1024px){#kt-layout-id_b9a9d5-05 > .kt-row-column-wrap > div:not(.added-for-specificity){grid-column:initial;}}@media all and (max-width: 1024px){#kt-layout-id_b9a9d5-05 > .kt-row-column-wrap{grid-template-columns:repeat(3, minmax(0, 1fr));}}@media all and (max-width: 767px){#kt-layout-id_b9a9d5-05 > .kt-row-column-wrap > div:not(.added-for-specificity){grid-column:initial;}#kt-layout-id_b9a9d5-05 > .kt-row-column-wrap{grid-template-columns:minmax(0, 1fr);}}<\/style>\n<div class=\"wp-block-kadence-rowlayout alignnone\"><div id=\"kt-layout-id_b9a9d5-05\" class=\"kt-row-layout-inner kt-layout-id_b9a9d5-05\"><div class=\"kt-row-column-wrap kt-has-3-columns kt-gutter-default kt-v-gutter-default kt-row-valign-top kt-row-layout-equal kt-tab-layout-inherit kt-m-colapse-left-to-right kt-mobile-layout-row  kt-custom-first-width-50  kt-custom-second-width-25  kt-custom-third-width-25\"><style>.kadence-column_4d3463-72 > .kt-inside-inner-col{border-top-width:0px;border-right-width:0px;border-bottom-width:0px;border-left-width:0px;}.kadence-column_4d3463-72 > .kt-inside-inner-col,.kadence-column_4d3463-72 > .kt-inside-inner-col:before{border-top-left-radius:0px;border-top-right-radius:0px;border-bottom-right-radius:0px;border-bottom-left-radius:0px;}.kadence-column_4d3463-72 > .kt-inside-inner-col{column-gap:var(--global-kb-gap-sm, 1rem);}.kadence-column_4d3463-72 > .kt-inside-inner-col{flex-direction:column;}.kadence-column_4d3463-72 > .kt-inside-inner-col > .aligncenter{width:100%;}.kadence-column_4d3463-72 > .kt-inside-inner-col:before{opacity:0.3;}.kadence-column_4d3463-72{position:relative;}@media all and (max-width: 1024px){.kadence-column_4d3463-72 > .kt-inside-inner-col{flex-direction:column;justify-content:center;}}@media all and (max-width: 767px){.kadence-column_4d3463-72 > .kt-inside-inner-col{flex-direction:column;justify-content:center;}}<\/style>\n<div class=\"wp-block-kadence-column inner-column-1 kadence-column_4d3463-72\"><div class=\"kt-inside-inner-col\">\n<p><strong><strong><strong><strong>WZ Eurocopert ist der erste Hersteller in Polen von Briefumschl\u00e4gen zur automatischen Kuvertierung und seit \u00fcber 20 Jahren auf diese Produktion spezialisiert.<\/strong><\/strong><\/strong><\/strong><\/p>\n\n\n\n<p>Die von uns hergestellten Briefumschl\u00e4ge zur automatischen Kuvertierung&nbsp;verf\u00fcgen \u00fcber ein rechtlich gesch\u00fctztes Muster und die Bezeichnung COUVERTIC(R). Die besonderen Merkmale dieser Umschl\u00e4ge gew\u00e4hrleisten eine effiziente automatische Kuvertierung auch auf den schnellsten Maschinen, wodurch die Firma nicht nur auf europ\u00e4ischen M\u00e4rkten als gesch\u00e4tzter Hersteller gilt. Unsere Briefumschl\u00e4ge werden einer mehrstufigen detaillierten Kontrolle w\u00e4hrend der Herstellung als auch in der Qualit\u00e4tskontrollabteilung unterzogen, bevor sie an den Kunden geliefert werden. Dadurch sind wir sicher, dass sie hohe Qualit\u00e4tsanforderungen erf\u00fcllen, auch wenn es sich um sehr ausgereifte Maschinen zur automatischen Kuvertierung von Sendungen handelt.<\/p>\n\n\n\n<p>WZ Eurocopert ist ein Garant f\u00fcr die hohe Qualit\u00e4t der Ausf\u00fchrung und den problemlosen Betrieb auf den Verpackungsmaschinen und -anlagen verschiedener Typen solcher bekannter Firmen wie:&nbsp;<a rel=\"noreferrer noopener\" href=\"http:\/\/www.kerncan.com\/\" target=\"_blank\">Kern<\/a>,&nbsp;<a rel=\"noreferrer noopener\" href=\"http:\/\/www.pitneybowes.com\/us\" target=\"_blank\">Pitney Bowes<\/a>,&nbsp;<a rel=\"noreferrer noopener\" href=\"http:\/\/bellhowell.net\/en-US\/Products-Solutions\/By-Category\/Mail-Inserting-Finishing\" target=\"_blank\">Bell &amp; Howell<\/a>,&nbsp;<a rel=\"noreferrer noopener\" href=\"http:\/\/www.cmcmachinery.com\/\" target=\"_blank\">CMC<\/a>&nbsp;und&nbsp;<a rel=\"noreferrer noopener\" href=\"http:\/\/www.neopost.com\/en\" target=\"_blank\">Neopost<\/a>.<\/p>\n<\/div><\/div>\n\n\n<style>.kadence-column_9095e2-3a > .kt-inside-inner-col{border-top-width:0px;border-right-width:0px;border-bottom-width:0px;border-left-width:0px;}.kadence-column_9095e2-3a > .kt-inside-inner-col,.kadence-column_9095e2-3a > .kt-inside-inner-col:before{border-top-left-radius:0px;border-top-right-radius:0px;border-bottom-right-radius:0px;border-bottom-left-radius:0px;}.kadence-column_9095e2-3a > .kt-inside-inner-col{column-gap:var(--global-kb-gap-sm, 1rem);}.kadence-column_9095e2-3a > .kt-inside-inner-col{flex-direction:column;}.kadence-column_9095e2-3a > .kt-inside-inner-col > .aligncenter{width:100%;}.kadence-column_9095e2-3a > .kt-inside-inner-col:before{opacity:0.3;}.kadence-column_9095e2-3a{position:relative;}@media all and (max-width: 1024px){.kadence-column_9095e2-3a > .kt-inside-inner-col{flex-direction:column;justify-content:center;}}@media all and (max-width: 767px){.kadence-column_9095e2-3a > .kt-inside-inner-col{flex-direction:column;justify-content:center;}}<\/style>\n<div class=\"wp-block-kadence-column inner-column-2 kadence-column_9095e2-3a\"><div class=\"kt-inside-inner-col\">\n<h3 class=\"wp-block-heading\">Briefumschl\u00e4ge mit Couvertic\u00ae Klappe&nbsp;<\/h3>\n\n\n\n<figure class=\"wp-block-video\"><video height=\"216\" style=\"aspect-ratio: 490 \/ 216;\" width=\"490\" controls poster=\"https:\/\/wzeurocopert.pl\/wp-content\/uploads\/2021\/11\/couvertic.jpg\" preload=\"none\" src=\"https:\/\/wzeurocopert.pl\/wp-content\/uploads\/2021\/11\/couvertic2.mp4\"><\/video><\/figure>\n<\/div><\/div>\n\n\n<style>.kadence-column_288d06-62 > .kt-inside-inner-col{border-top-width:0px;border-right-width:0px;border-bottom-width:0px;border-left-width:0px;}.kadence-column_288d06-62 > .kt-inside-inner-col,.kadence-column_288d06-62 > .kt-inside-inner-col:before{border-top-left-radius:0px;border-top-right-radius:0px;border-bottom-right-radius:0px;border-bottom-left-radius:0px;}.kadence-column_288d06-62 > .kt-inside-inner-col{column-gap:var(--global-kb-gap-sm, 1rem);}.kadence-column_288d06-62 > .kt-inside-inner-col{flex-direction:column;}.kadence-column_288d06-62 > .kt-inside-inner-col > .aligncenter{width:100%;}.kadence-column_288d06-62 > .kt-inside-inner-col:before{opacity:0.3;}.kadence-column_288d06-62{position:relative;}@media all and (max-width: 1024px){.kadence-column_288d06-62 > .kt-inside-inner-col{flex-direction:column;justify-content:center;}}@media all and (max-width: 767px){.kadence-column_288d06-62 > .kt-inside-inner-col{flex-direction:column;justify-content:center;}}<\/style>\n<div class=\"wp-block-kadence-column inner-column-3 kadence-column_288d06-62\"><div class=\"kt-inside-inner-col\">\n<h3 class=\"wp-block-heading\">Briefumschl\u00e4ge mit Trapezklappe<\/h3>\n\n\n\n<figure class=\"wp-block-image size-full\"><img loading=\"lazy\" decoding=\"async\" width=\"400\" height=\"300\" src=\"https:\/\/wzeurocopert.pl\/wp-content\/uploads\/2021\/11\/trapez.jpg\" alt=\"\" class=\"wp-image-2799\" srcset=\"https:\/\/wzeurocopert.pl\/wp-content\/uploads\/2021\/11\/trapez.jpg 400w, https:\/\/wzeurocopert.pl\/wp-content\/uploads\/2021\/11\/trapez-300x225.jpg 300w\" sizes=\"auto, (max-width: 400px) 100vw, 400px\" \/><\/figure>\n<\/div><\/div>\n<\/div><\/div><\/div>\n\n\n<style>.wp-block-kadence-spacer.kt-block-spacer-_e9e1cc-4a .kt-block-spacer{height:60px;}.wp-block-kadence-spacer.kt-block-spacer-_e9e1cc-4a .kt-divider{border-top-width:1px;height:1px;border-top-color:#eee;width:80%;border-top-style:solid;}<\/style>\n<div class=\"wp-block-kadence-spacer aligncenter kt-block-spacer-_e9e1cc-4a\"><div class=\"kt-block-spacer kt-block-spacer-halign-center\" style=\"height:60px\"><hr class=\"kt-divider\" style=\"border-top-color:#eee;border-top-width:1px;width:80%;border-top-style:solid\"\/><\/div><\/div>\n","protected":false},"excerpt":{"rendered":"<p>Briefumschl\u00e4ge zur automatischen Kuvertierung WZ Eurocopert ist der erste Hersteller in Polen von Briefumschl\u00e4gen zur automatischen Kuvertierung und seit \u00fcber 20 Jahren auf diese Produktion spezialisiert. Die von uns hergestellten Briefumschl\u00e4ge zur automatischen Kuvertierung&nbsp;verf\u00fcgen \u00fcber ein rechtlich gesch\u00fctztes Muster und die Bezeichnung COUVERTIC(R). Die besonderen Merkmale dieser Umschl\u00e4ge gew\u00e4hrleisten eine effiziente automatische Kuvertierung auch auf&#8230;<\/p>\n","protected":false},"author":1,"featured_media":0,"parent":3397,"menu_order":0,"comment_status":"closed","ping_status":"closed","template":"","meta":{"_kad_blocks_custom_css":"","_kad_blocks_head_custom_js":"","_kad_blocks_body_custom_js":"","_kad_blocks_footer_custom_js":"","_kadence_starter_templates_imported_post":false,"_kad_post_transparent":"","_kad_post_title":"","_kad_post_layout":"","_kad_post_sidebar_id":"","_kad_post_content_style":"","_kad_post_vertical_padding":"","_kad_post_feature":"","_kad_post_feature_position":"","_kad_post_header":false,"_kad_post_footer":false,"footnotes":""},"class_list":["post-3408","page","type-page","status-publish","hentry"],"taxonomy_info":[],"featured_image_src_large":false,"author_info":{"display_name":"wzrootwzeurocopertpl","author_link":"https:\/\/wzeurocopert.pl\/de\/author\/wzrootwzeurocopertpl\/"},"comment_info":0,"_links":{"self":[{"href":"https:\/\/wzeurocopert.pl\/de\/wp-json\/wp\/v2\/pages\/3408","targetHints":{"allow":["GET"]}}],"collection":[{"href":"https:\/\/wzeurocopert.pl\/de\/wp-json\/wp\/v2\/pages"}],"about":[{"href":"https:\/\/wzeurocopert.pl\/de\/wp-json\/wp\/v2\/types\/page"}],"author":[{"embeddable":true,"href":"https:\/\/wzeurocopert.pl\/de\/wp-json\/wp\/v2\/users\/1"}],"replies":[{"embeddable":true,"href":"https:\/\/wzeurocopert.pl\/de\/wp-json\/wp\/v2\/comments?post=3408"}],"version-history":[{"count":0,"href":"https:\/\/wzeurocopert.pl\/de\/wp-json\/wp\/v2\/pages\/3408\/revisions"}],"up":[{"embeddable":true,"href":"https:\/\/wzeurocopert.pl\/de\/wp-json\/wp\/v2\/pages\/3397"}],"wp:attachment":[{"href":"https:\/\/wzeurocopert.pl\/de\/wp-json\/wp\/v2\/media?parent=3408"}],"curies":[{"name":"wp","href":"https:\/\/api.w.org\/{rel}","templated":true}]}}